{"id":465447,"date":"2025-06-01T01:08:24","date_gmt":"2025-05-31T23:08:24","guid":{"rendered":"https:\/\/lucacastelli.com\/prodotto\/2-in-1-kettenhalter-1-4-p-d-32mm-ketten\/"},"modified":"2025-06-28T03:53:54","modified_gmt":"2025-06-28T01:53:54","slug":"2-in-1-kettenhalter-1-4-p-d-32mm-ketten","status":"publish","type":"product","link":"https:\/\/lucacastelli.com\/de\/produkt\/2-in-1-kettenhalter-1-4-p-d-32mm-ketten\/","title":{"rendered":"STIHL 2-in-1 Kettenhalter, 1\/4&#8243; P D 3,2mm Ketten"},"content":{"rendered":"<p>Zum Sch\u00e4rfen von .325&#8243;, 3\/8&#8243; und 3\/8 P Ketten. Z\u00e4hne und Tiefenbegrenzer k\u00f6nnen schnell und einfach in einem Arbeitsgang nachgesch\u00e4rft werden. Es enth\u00e4lt eine Rundfeile und eine flache Feile.<br \/>\n886661193011 <\/p>\n","protected":false},"excerpt":{"rendered":"<p>2-in-1 Kettenhalter, 1\/4&#8243; P D 3,2mm Ketten<\/p>\n","protected":false},"featured_media":424964,"template":"","meta":{"_seopress_robots_primary_cat":"","_seopress_titles_title":"","_seopress_titles_desc":"","_seopress_robots_index":""},"product_brand":[3554],"product_cat":[1612,169,1455],"product_tag":[3266],"class_list":{"0":"post-465447","1":"product","2":"type-product","3":"status-publish","4":"has-post-thumbnail","6":"product_brand-stihl-de","7":"product_cat-kettensagen","8":"product_cat-maschinen","9":"product_cat-zubehor-und-verbrauchsmaterial-de","10":"product_tag-import-stihl-de","11":"sws-gruppo-macchinari-de","12":"sws-conto-ricavi-merci-rivendita-macchinari-de","13":"sws-gruppo-iva-iva81-de","15":"first","16":"onbackorder","17":"purchasable","18":"product-type-simple"},"_links":{"self":[{"href":"https:\/\/lucacastelli.com\/de\/wp-json\/wp\/v2\/product\/465447","targetHints":{"allow":["GET"]}}],"collection":[{"href":"https:\/\/lucacastelli.com\/de\/wp-json\/wp\/v2\/product"}],"about":[{"href":"https:\/\/lucacastelli.com\/de\/wp-json\/wp\/v2\/types\/product"}],"wp:featuredmedia":[{"embeddable":true,"href":"https:\/\/lucacastelli.com\/de\/wp-json\/wp\/v2\/media\/424964"}],"wp:attachment":[{"href":"https:\/\/lucacastelli.com\/de\/wp-json\/wp\/v2\/media?parent=465447"}],"wp:term":[{"taxonomy":"product_brand","embeddable":true,"href":"https:\/\/lucacastelli.com\/de\/wp-json\/wp\/v2\/product_brand?post=465447"},{"taxonomy":"product_cat","embeddable":true,"href":"https:\/\/lucacastelli.com\/de\/wp-json\/wp\/v2\/product_cat?post=465447"},{"taxonomy":"product_tag","embeddable":true,"href":"https:\/\/lucacastelli.com\/de\/wp-json\/wp\/v2\/product_tag?post=465447"}],"curies":[{"name":"wp","href":"https:\/\/api.w.org\/{rel}","templated":true}]}}