{"id":465434,"date":"2025-06-01T02:32:23","date_gmt":"2025-06-01T00:32:23","guid":{"rendered":"https:\/\/lucacastelli.com\/?post_type=product&#038;p=465434"},"modified":"2025-07-03T09:55:22","modified_gmt":"2025-07-03T07:55:22","slug":"druckbehalter-fur-wasser","status":"publish","type":"product","link":"https:\/\/lucacastelli.com\/de\/produkt\/druckbehalter-fur-wasser\/","title":{"rendered":"Druckbeh\u00e4lter f\u00fcr Wasser"},"content":{"rendered":"<p>10 Liter Druckwassertank mit neuem Design. Mit Griff und stabiler St\u00fctze. L\u00e4ngere F\u00fclldauer, h\u00f6herer Arbeitsdruck und optimierte Durchflussrate. Gr\u00f6\u00dferer Einf\u00fclltrichter mit Deckel. Maximaler Druck 3 bar.<br \/>\n795711809591    <\/p>\n","protected":false},"excerpt":{"rendered":"<p>Druckbeh\u00e4lter f\u00fcr Wasser<\/p>\n","protected":false},"featured_media":482234,"template":"","meta":{"_seopress_robots_primary_cat":"","_seopress_titles_title":"","_seopress_titles_desc":"","_seopress_robots_index":""},"product_brand":[3366],"product_cat":[29,495,511,496],"product_tag":[3265],"class_list":{"0":"post-465434","1":"product","2":"type-product","3":"status-publish","4":"has-post-thumbnail","6":"product_brand-stihl","7":"product_cat-macchinari","8":"product_cat-troncatrici-e-mototroncatrici","9":"product_cat-mototroncatrici","10":"product_cat-troncatrici","11":"product_tag-import-stihl","12":"sws-conto-ricavi-merci-rivendita-macchinari-de","13":"sws-gruppo-iva-iva81-de","15":"first","16":"onbackorder","17":"purchasable","18":"product-type-simple"},"_links":{"self":[{"href":"https:\/\/lucacastelli.com\/de\/wp-json\/wp\/v2\/product\/465434","targetHints":{"allow":["GET"]}}],"collection":[{"href":"https:\/\/lucacastelli.com\/de\/wp-json\/wp\/v2\/product"}],"about":[{"href":"https:\/\/lucacastelli.com\/de\/wp-json\/wp\/v2\/types\/product"}],"wp:featuredmedia":[{"embeddable":true,"href":"https:\/\/lucacastelli.com\/de\/wp-json\/wp\/v2\/media\/482234"}],"wp:attachment":[{"href":"https:\/\/lucacastelli.com\/de\/wp-json\/wp\/v2\/media?parent=465434"}],"wp:term":[{"taxonomy":"product_brand","embeddable":true,"href":"https:\/\/lucacastelli.com\/de\/wp-json\/wp\/v2\/product_brand?post=465434"},{"taxonomy":"product_cat","embeddable":true,"href":"https:\/\/lucacastelli.com\/de\/wp-json\/wp\/v2\/product_cat?post=465434"},{"taxonomy":"product_tag","embeddable":true,"href":"https:\/\/lucacastelli.com\/de\/wp-json\/wp\/v2\/product_tag?post=465434"}],"curies":[{"name":"wp","href":"https:\/\/api.w.org\/{rel}","templated":true}]}}