{"id":465426,"date":"2025-06-01T01:00:19","date_gmt":"2025-05-31T23:00:19","guid":{"rendered":"https:\/\/lucacastelli.com\/prodotto\/tiefenregler\/"},"modified":"2025-06-28T19:06:19","modified_gmt":"2025-06-28T17:06:19","slug":"tiefenregler","status":"publish","type":"product","link":"https:\/\/lucacastelli.com\/de\/produkt\/tiefenregler\/","title":{"rendered":"STIHL Tiefenregler"},"content":{"rendered":"<p>Tiefenregler mit Saugh\u00fclse. Es erm\u00f6glicht das Trockenschneiden von Baustoffen mit geringer Staubentwicklung, sowohl im Innen- als auch im Au\u00dfenbereich. Die Schnitttiefe kann bei TSA 230 in allen Stufen pr\u00e4zise eingestellt werden.<br \/>\n886661161720  <\/p>\n","protected":false},"excerpt":{"rendered":"<p>Tiefenregler<\/p>\n","protected":false},"featured_media":431511,"template":"","meta":{"_seopress_robots_primary_cat":"","_seopress_titles_title":"","_seopress_titles_desc":"","_seopress_robots_index":""},"product_brand":[3366],"product_cat":[29,495,496],"product_tag":[3265],"class_list":{"0":"post-465426","1":"product","2":"type-product","3":"status-publish","4":"has-post-thumbnail","6":"product_brand-stihl","7":"product_cat-macchinari","8":"product_cat-troncatrici-e-mototroncatrici","9":"product_cat-troncatrici","10":"product_tag-import-stihl","11":"sws-gruppo-macchinari-de","12":"sws-conto-ricavi-merci-rivendita-macchinari-de","13":"sws-gruppo-iva-iva81-de","15":"first","16":"onbackorder","17":"purchasable","18":"product-type-simple"},"_links":{"self":[{"href":"https:\/\/lucacastelli.com\/de\/wp-json\/wp\/v2\/product\/465426","targetHints":{"allow":["GET"]}}],"collection":[{"href":"https:\/\/lucacastelli.com\/de\/wp-json\/wp\/v2\/product"}],"about":[{"href":"https:\/\/lucacastelli.com\/de\/wp-json\/wp\/v2\/types\/product"}],"wp:featuredmedia":[{"embeddable":true,"href":"https:\/\/lucacastelli.com\/de\/wp-json\/wp\/v2\/media\/431511"}],"wp:attachment":[{"href":"https:\/\/lucacastelli.com\/de\/wp-json\/wp\/v2\/media?parent=465426"}],"wp:term":[{"taxonomy":"product_brand","embeddable":true,"href":"https:\/\/lucacastelli.com\/de\/wp-json\/wp\/v2\/product_brand?post=465426"},{"taxonomy":"product_cat","embeddable":true,"href":"https:\/\/lucacastelli.com\/de\/wp-json\/wp\/v2\/product_cat?post=465426"},{"taxonomy":"product_tag","embeddable":true,"href":"https:\/\/lucacastelli.com\/de\/wp-json\/wp\/v2\/product_tag?post=465426"}],"curies":[{"name":"wp","href":"https:\/\/api.w.org\/{rel}","templated":true}]}}