{"id":465418,"date":"2025-06-01T00:48:27","date_gmt":"2025-05-31T22:48:27","guid":{"rendered":"https:\/\/lucacastelli.com\/prodotto\/gs-461-schnittlaenge-45cm-ggm\/"},"modified":"2025-06-28T20:03:51","modified_gmt":"2025-06-28T18:03:51","slug":"gs-461-schnittlaenge-45cm-ggm","status":"publish","type":"product","link":"https:\/\/lucacastelli.com\/de\/produkt\/gs-461-schnittlaenge-45cm-ggm\/","title":{"rendered":"STIHL GS 461, Schnittl\u00e4nge 45cm, GGM"},"content":{"rendered":"<p>Die erste STIHL Baustoff-Schneidkettens\u00e4ge ist die ideale Erg\u00e4nzung zu Ihrer Gehrungss\u00e4ge. F\u00fcr Wandausschnitte, Fensterausschnitte, durch Aussparungen zum Durchbrechen von Beton- oder Natursteinw\u00e4nden. Dank der hohen Schneidleistung und des geringen Gewichts erledigen Sie die Arbeit pr\u00e4ziser und in k\u00fcrzerer Zeit als je zuvor. Dar\u00fcber hinaus \u00fcberzeugt der STIHL GS 461 durch eine einfache Handhabung, ein ergonomisches Design sowie einen effizienten Wasserverbrauch.<br \/>\n886661408566   <\/p>\n<p>Hubraum 76,5<br \/>\nLeistung Leistung<\/p>\n<p>Leistung Leistung<br \/>\nLeistung 5.80<br \/>\nCO2 702<\/p>\n","protected":false},"excerpt":{"rendered":"<p>GS 461, Schnittl\u00e4nge 45cm, GGM<\/p>\n","protected":false},"featured_media":430962,"template":"","meta":{"_seopress_robots_primary_cat":"","_seopress_titles_title":"","_seopress_titles_desc":"","_seopress_robots_index":""},"product_brand":[3366],"product_cat":[29,495],"product_tag":[3265],"class_list":{"0":"post-465418","1":"product","2":"type-product","3":"status-publish","4":"has-post-thumbnail","6":"product_brand-stihl","7":"product_cat-macchinari","8":"product_cat-troncatrici-e-mototroncatrici","9":"product_tag-import-stihl","10":"sws-gruppo-macchinari-de","11":"sws-conto-ricavi-merci-rivendita-macchinari-de","12":"sws-gruppo-iva-iva81-de","14":"first","15":"onbackorder","16":"purchasable","17":"product-type-simple"},"_links":{"self":[{"href":"https:\/\/lucacastelli.com\/de\/wp-json\/wp\/v2\/product\/465418","targetHints":{"allow":["GET"]}}],"collection":[{"href":"https:\/\/lucacastelli.com\/de\/wp-json\/wp\/v2\/product"}],"about":[{"href":"https:\/\/lucacastelli.com\/de\/wp-json\/wp\/v2\/types\/product"}],"wp:featuredmedia":[{"embeddable":true,"href":"https:\/\/lucacastelli.com\/de\/wp-json\/wp\/v2\/media\/430962"}],"wp:attachment":[{"href":"https:\/\/lucacastelli.com\/de\/wp-json\/wp\/v2\/media?parent=465418"}],"wp:term":[{"taxonomy":"product_brand","embeddable":true,"href":"https:\/\/lucacastelli.com\/de\/wp-json\/wp\/v2\/product_brand?post=465418"},{"taxonomy":"product_cat","embeddable":true,"href":"https:\/\/lucacastelli.com\/de\/wp-json\/wp\/v2\/product_cat?post=465418"},{"taxonomy":"product_tag","embeddable":true,"href":"https:\/\/lucacastelli.com\/de\/wp-json\/wp\/v2\/product_tag?post=465418"}],"curies":[{"name":"wp","href":"https:\/\/api.w.org\/{rel}","templated":true}]}}