{"id":465410,"date":"2025-06-01T00:42:13","date_gmt":"2025-05-31T22:42:13","guid":{"rendered":"https:\/\/lucacastelli.com\/prodotto\/ts-420\/"},"modified":"2025-06-28T18:04:06","modified_gmt":"2025-06-28T16:04:06","slug":"ts-420","status":"publish","type":"product","link":"https:\/\/lucacastelli.com\/de\/produkt\/ts-420\/","title":{"rendered":"STIHL TS 420"},"content":{"rendered":"<p>Kompakte und handliche Kapps\u00e4ge 3,2 kW, mit Scheibe mit 350 mm Durchmesser. Innovativer, langlebiger Luftfilter mit Zyklon-Vorfilter, der eine lange Filterlebensdauer und l\u00e4ngere Reinigungsintervalle gew\u00e4hrleistet. Reduzierte Vibrationen erm\u00f6glichen es Ihnen, l\u00e4nger ohne Erm\u00fcdung zu arbeiten. Kann von Hand oder mit dem Wagen FW 20 verwendet werden.<br \/>\n795711309176  <\/p>\n<p>Hubraum 66,7<br \/>\nLeistung Leistung<\/p>\n<p>Leistung Leistung<br \/>\nLeistung 4.30<br \/>\nCO2 747<\/p>\n","protected":false},"excerpt":{"rendered":"<p>TS 420<\/p>\n","protected":false},"featured_media":430594,"template":"","meta":{"_seopress_robots_primary_cat":"","_seopress_titles_title":"","_seopress_titles_desc":"","_seopress_robots_index":""},"product_brand":[3366],"product_cat":[29,495,496],"product_tag":[3265],"class_list":{"0":"post-465410","1":"product","2":"type-product","3":"status-publish","4":"has-post-thumbnail","6":"product_brand-stihl","7":"product_cat-macchinari","8":"product_cat-troncatrici-e-mototroncatrici","9":"product_cat-troncatrici","10":"product_tag-import-stihl","11":"sws-gruppo-macchinari-de","12":"sws-conto-ricavi-merci-rivendita-macchinari-de","13":"sws-gruppo-iva-iva81-de","15":"first","16":"onbackorder","17":"purchasable","18":"product-type-simple"},"_links":{"self":[{"href":"https:\/\/lucacastelli.com\/de\/wp-json\/wp\/v2\/product\/465410","targetHints":{"allow":["GET"]}}],"collection":[{"href":"https:\/\/lucacastelli.com\/de\/wp-json\/wp\/v2\/product"}],"about":[{"href":"https:\/\/lucacastelli.com\/de\/wp-json\/wp\/v2\/types\/product"}],"wp:featuredmedia":[{"embeddable":true,"href":"https:\/\/lucacastelli.com\/de\/wp-json\/wp\/v2\/media\/430594"}],"wp:attachment":[{"href":"https:\/\/lucacastelli.com\/de\/wp-json\/wp\/v2\/media?parent=465410"}],"wp:term":[{"taxonomy":"product_brand","embeddable":true,"href":"https:\/\/lucacastelli.com\/de\/wp-json\/wp\/v2\/product_brand?post=465410"},{"taxonomy":"product_cat","embeddable":true,"href":"https:\/\/lucacastelli.com\/de\/wp-json\/wp\/v2\/product_cat?post=465410"},{"taxonomy":"product_tag","embeddable":true,"href":"https:\/\/lucacastelli.com\/de\/wp-json\/wp\/v2\/product_tag?post=465410"}],"curies":[{"name":"wp","href":"https:\/\/api.w.org\/{rel}","templated":true}]}}