{"id":465407,"date":"2025-06-01T00:47:53","date_gmt":"2025-05-31T22:47:53","guid":{"rendered":"https:\/\/lucacastelli.com\/prodotto\/ts-500i\/"},"modified":"2026-03-31T16:46:08","modified_gmt":"2026-03-31T14:46:08","slug":"ts-500i","status":"publish","type":"product","link":"https:\/\/lucacastelli.com\/de\/produkt\/ts-500i\/","title":{"rendered":"STIHL TS 500i"},"content":{"rendered":"<p>Die Kapps\u00e4ge TS 500i mit elektronisch gesteuerter Einspritzung setzt nicht nur neue Ma\u00dfst\u00e4be in der Motorentechnik, sondern setzt auch selbst neue Ma\u00dfst\u00e4be. Die Grundlage dieser revolution\u00e4ren Motorentechnologie ist die elektronische Verwaltung des spezifischen Verbrauchsdiagramms. Erstmals wird der Z\u00fcndzeitpunkt nicht nur durch die Drehzahl, sondern auch durch die Last bestimmt. W\u00e4hrend des Betriebs werden immer die optimalen Z\u00fcnd- und Einspritzwerte ermittelt, so dass in jeder Situation mit der besten Leistung gerechnet werden kann. Dank der neuen Technologie geh\u00f6ren Kompromisse bei der Motorsteuerung der Vergangenheit an. Auch der Vergaser und manuelle Einstellungen werden \u00fcberfl\u00fcssig.<br \/>\n795711830687     <\/p>\n<p>Hubraum 72,2<br \/>\nLeistung Leistung<\/p>\n<p>Leistung Leistung<br \/>\nLeistung 5.20<br \/>\nCO2 748<\/p>\n","protected":false},"excerpt":{"rendered":"<p>TS 500i<\/p>\n","protected":false},"featured_media":430933,"template":"","meta":{"_seopress_robots_primary_cat":"","_seopress_titles_title":"","_seopress_titles_desc":"","_seopress_robots_index":""},"product_brand":[3554],"product_cat":[1699,1696,169],"product_tag":[3266],"class_list":{"0":"post-465407","1":"product","2":"type-product","3":"status-publish","4":"has-post-thumbnail","6":"product_brand-stihl-de","7":"product_cat-mahmaschinen-de","8":"product_cat-mahmaschinen-und-trimmer","9":"product_cat-maschinen","10":"product_tag-import-stihl-de","11":"sws-gruppo-macchinari-de","12":"sws-conto-ricavi-merci-rivendita-macchinari-de","13":"sws-gruppo-iva-iva81-de","15":"first","16":"onbackorder","17":"purchasable","18":"product-type-simple"},"_links":{"self":[{"href":"https:\/\/lucacastelli.com\/de\/wp-json\/wp\/v2\/product\/465407","targetHints":{"allow":["GET"]}}],"collection":[{"href":"https:\/\/lucacastelli.com\/de\/wp-json\/wp\/v2\/product"}],"about":[{"href":"https:\/\/lucacastelli.com\/de\/wp-json\/wp\/v2\/types\/product"}],"wp:featuredmedia":[{"embeddable":true,"href":"https:\/\/lucacastelli.com\/de\/wp-json\/wp\/v2\/media\/430933"}],"wp:attachment":[{"href":"https:\/\/lucacastelli.com\/de\/wp-json\/wp\/v2\/media?parent=465407"}],"wp:term":[{"taxonomy":"product_brand","embeddable":true,"href":"https:\/\/lucacastelli.com\/de\/wp-json\/wp\/v2\/product_brand?post=465407"},{"taxonomy":"product_cat","embeddable":true,"href":"https:\/\/lucacastelli.com\/de\/wp-json\/wp\/v2\/product_cat?post=465407"},{"taxonomy":"product_tag","embeddable":true,"href":"https:\/\/lucacastelli.com\/de\/wp-json\/wp\/v2\/product_tag?post=465407"}],"curies":[{"name":"wp","href":"https:\/\/api.w.org\/{rel}","templated":true}]}}