{"id":465404,"date":"2025-06-01T00:41:25","date_gmt":"2025-05-31T22:41:25","guid":{"rendered":"https:\/\/lucacastelli.com\/prodotto\/umruestsatz-fuer-ts-700-ts-800\/"},"modified":"2025-06-28T19:09:50","modified_gmt":"2025-06-28T17:09:50","slug":"umruestsatz-fuer-ts-700-ts-800","status":"publish","type":"product","link":"https:\/\/lucacastelli.com\/de\/produkt\/umruestsatz-fuer-ts-700-ts-800\/","title":{"rendered":"STIHL Umr\u00fcstsatz, f\u00fcr TS 700, TS 800"},"content":{"rendered":"<p>Umbausatz f\u00fcr F\u00fchrungswagen FW 20.<br \/>\n795711350918<\/p>\n","protected":false},"excerpt":{"rendered":"<p>Umr\u00fcstsatz, f\u00fcr TS 700, TS 800<\/p>\n","protected":false},"featured_media":461090,"template":"","meta":{"_seopress_robots_primary_cat":"","_seopress_titles_title":"","_seopress_titles_desc":"","_seopress_robots_index":""},"product_brand":[3366],"product_cat":[29,495,496],"product_tag":[3265],"class_list":{"0":"post-465404","1":"product","2":"type-product","3":"status-publish","4":"has-post-thumbnail","6":"product_brand-stihl","7":"product_cat-macchinari","8":"product_cat-troncatrici-e-mototroncatrici","9":"product_cat-troncatrici","10":"product_tag-import-stihl","11":"sws-gruppo-macchinari-de","12":"sws-conto-ricavi-merci-rivendita-macchinari-de","13":"sws-gruppo-iva-iva81-de","15":"first","16":"onbackorder","17":"purchasable","18":"product-type-simple"},"_links":{"self":[{"href":"https:\/\/lucacastelli.com\/de\/wp-json\/wp\/v2\/product\/465404","targetHints":{"allow":["GET"]}}],"collection":[{"href":"https:\/\/lucacastelli.com\/de\/wp-json\/wp\/v2\/product"}],"about":[{"href":"https:\/\/lucacastelli.com\/de\/wp-json\/wp\/v2\/types\/product"}],"wp:featuredmedia":[{"embeddable":true,"href":"https:\/\/lucacastelli.com\/de\/wp-json\/wp\/v2\/media\/461090"}],"wp:attachment":[{"href":"https:\/\/lucacastelli.com\/de\/wp-json\/wp\/v2\/media?parent=465404"}],"wp:term":[{"taxonomy":"product_brand","embeddable":true,"href":"https:\/\/lucacastelli.com\/de\/wp-json\/wp\/v2\/product_brand?post=465404"},{"taxonomy":"product_cat","embeddable":true,"href":"https:\/\/lucacastelli.com\/de\/wp-json\/wp\/v2\/product_cat?post=465404"},{"taxonomy":"product_tag","embeddable":true,"href":"https:\/\/lucacastelli.com\/de\/wp-json\/wp\/v2\/product_tag?post=465404"}],"curies":[{"name":"wp","href":"https:\/\/api.w.org\/{rel}","templated":true}]}}