{"id":465398,"date":"2025-06-01T00:41:14","date_gmt":"2025-05-31T22:41:14","guid":{"rendered":"https:\/\/lucacastelli.com\/prodotto\/fuehrungsschlitten-hw-20-fuer-ts-410-ts-420-ts-480i-ts-500i\/"},"modified":"2025-06-28T19:09:44","modified_gmt":"2025-06-28T17:09:44","slug":"fuehrungsschlitten-hw-20-fuer-ts-410-ts-420-ts-480i-ts-500i","status":"publish","type":"product","link":"https:\/\/lucacastelli.com\/de\/produkt\/fuehrungsschlitten-hw-20-fuer-ts-410-ts-420-ts-480i-ts-500i\/","title":{"rendered":"STIHL F\u00fchrungsschlitten HW 20, f\u00fcr TS 410, TS 420, TS 480i, TS 500i"},"content":{"rendered":"<p>F\u00fcr pr\u00e4zise Kanten mit Millimetertiefe bei l\u00e4ngeren Schnitten. Passend f\u00fcr alle handgef\u00fchrten Gehrungss\u00e4gen STIHL Umbausatz mit Schnellverschlusssystem im Lieferumfang enthalten.<br \/>\n886661635030  <\/p>\n","protected":false},"excerpt":{"rendered":"<p>F\u00fchrungsschlitten HW 20, f\u00fcr TS 410, TS 420, TS 480i, TS 500i<\/p>\n","protected":false},"featured_media":430557,"template":"","meta":{"_seopress_robots_primary_cat":"","_seopress_titles_title":"","_seopress_titles_desc":"","_seopress_robots_index":""},"product_brand":[3366],"product_cat":[29,495,496],"product_tag":[3265],"class_list":{"0":"post-465398","1":"product","2":"type-product","3":"status-publish","4":"has-post-thumbnail","6":"product_brand-stihl","7":"product_cat-macchinari","8":"product_cat-troncatrici-e-mototroncatrici","9":"product_cat-troncatrici","10":"product_tag-import-stihl","11":"sws-gruppo-macchinari-de","12":"sws-conto-ricavi-merci-rivendita-macchinari-de","13":"sws-gruppo-iva-iva81-de","15":"first","16":"onbackorder","17":"sale","18":"purchasable","19":"product-type-simple"},"_links":{"self":[{"href":"https:\/\/lucacastelli.com\/de\/wp-json\/wp\/v2\/product\/465398","targetHints":{"allow":["GET"]}}],"collection":[{"href":"https:\/\/lucacastelli.com\/de\/wp-json\/wp\/v2\/product"}],"about":[{"href":"https:\/\/lucacastelli.com\/de\/wp-json\/wp\/v2\/types\/product"}],"wp:featuredmedia":[{"embeddable":true,"href":"https:\/\/lucacastelli.com\/de\/wp-json\/wp\/v2\/media\/430557"}],"wp:attachment":[{"href":"https:\/\/lucacastelli.com\/de\/wp-json\/wp\/v2\/media?parent=465398"}],"wp:term":[{"taxonomy":"product_brand","embeddable":true,"href":"https:\/\/lucacastelli.com\/de\/wp-json\/wp\/v2\/product_brand?post=465398"},{"taxonomy":"product_cat","embeddable":true,"href":"https:\/\/lucacastelli.com\/de\/wp-json\/wp\/v2\/product_cat?post=465398"},{"taxonomy":"product_tag","embeddable":true,"href":"https:\/\/lucacastelli.com\/de\/wp-json\/wp\/v2\/product_tag?post=465398"}],"curies":[{"name":"wp","href":"https:\/\/api.w.org\/{rel}","templated":true}]}}