{"id":465389,"date":"2025-05-31T23:02:36","date_gmt":"2025-05-31T21:02:36","guid":{"rendered":"https:\/\/lucacastelli.com\/prodotto\/ts-910i\/"},"modified":"2025-05-31T23:02:36","modified_gmt":"2025-05-31T21:02:36","slug":"ts-910i","status":"publish","type":"product","link":"https:\/\/lucacastelli.com\/de\/produkt\/ts-910i\/","title":{"rendered":"TS 910i"},"content":{"rendered":"<p>Die TS 910i ist ideal f\u00fcr pr\u00e4zises und ergonomisches S\u00e4gen in mineralischen oder metallischen Baustoffen. Mit einer Leistung von 6,2 kW ist diese Universal-Kapps\u00e4ge mit STIHL ausgestattet.\/ppDie elektronisch gesteuerte Einspritzung sorgt f\u00fcr einen einwandfreien Betrieb und ein hohes Drehmoment. Dar\u00fcber hinaus \u00fcberzeugt die neue Generation der Kapps\u00e4gen dank der innovativen Kombination der STIHL Einspritztechnik mit einer modernen Laminatwaschanlage im Motor durch einen hohen Wirkungsgrad und geringe Emissionen. Gleichzeitig erm\u00f6glicht die sensorgesteuerte Brennstoffdosierung in Kombination mit dem Dekompressionsventil und STIHL ElastoStart ein besonders leichtes Starten der S\u00e4ge, w\u00e4hrend das Stoppen einfach durch Dr\u00fccken der Stopptaste erfolgt.\/p<br \/>\n886661307937<\/p>\n<p>Hubraum 102.1<br \/>\nLeistung Leistung<\/p>\n<p>Leistung Strom<br \/>\nStrom 8.30<br \/>\nCO2 694<\/p>\n","protected":false},"excerpt":{"rendered":"<p>TS 910i<\/p>\n","protected":false},"featured_media":424250,"template":"","meta":{"_seopress_robots_primary_cat":"","_seopress_titles_title":"","_seopress_titles_desc":"","_seopress_robots_index":""},"product_brand":[3366],"product_cat":[29,495,496],"product_tag":[3265],"class_list":{"0":"post-465389","1":"product","2":"type-product","3":"status-publish","4":"has-post-thumbnail","6":"product_brand-stihl","7":"product_cat-macchinari","8":"product_cat-troncatrici-e-mototroncatrici","9":"product_cat-troncatrici","10":"product_tag-import-stihl","11":"sws-gruppo-macchinari-de","12":"sws-conto-ricavi-merci-rivendita-macchinari-de","13":"sws-gruppo-iva-iva81-de","15":"first","16":"onbackorder","17":"purchasable","18":"product-type-simple"},"_links":{"self":[{"href":"https:\/\/lucacastelli.com\/de\/wp-json\/wp\/v2\/product\/465389","targetHints":{"allow":["GET"]}}],"collection":[{"href":"https:\/\/lucacastelli.com\/de\/wp-json\/wp\/v2\/product"}],"about":[{"href":"https:\/\/lucacastelli.com\/de\/wp-json\/wp\/v2\/types\/product"}],"wp:featuredmedia":[{"embeddable":true,"href":"https:\/\/lucacastelli.com\/de\/wp-json\/wp\/v2\/media\/424250"}],"wp:attachment":[{"href":"https:\/\/lucacastelli.com\/de\/wp-json\/wp\/v2\/media?parent=465389"}],"wp:term":[{"taxonomy":"product_brand","embeddable":true,"href":"https:\/\/lucacastelli.com\/de\/wp-json\/wp\/v2\/product_brand?post=465389"},{"taxonomy":"product_cat","embeddable":true,"href":"https:\/\/lucacastelli.com\/de\/wp-json\/wp\/v2\/product_cat?post=465389"},{"taxonomy":"product_tag","embeddable":true,"href":"https:\/\/lucacastelli.com\/de\/wp-json\/wp\/v2\/product_tag?post=465389"}],"curies":[{"name":"wp","href":"https:\/\/api.w.org\/{rel}","templated":true}]}}