{"id":465372,"date":"2025-05-31T22:01:46","date_gmt":"2025-05-31T20:01:46","guid":{"rendered":"https:\/\/lucacastelli.com\/prodotto\/tsa-300-ohne-akku-und-ladegeraet\/"},"modified":"2025-12-19T23:45:18","modified_gmt":"2025-12-19T22:45:18","slug":"tsa-300-ohne-akku-und-ladegeraet","status":"publish","type":"product","link":"https:\/\/lucacastelli.com\/de\/produkt\/tsa-300-ohne-akku-und-ladegeraet\/","title":{"rendered":"STIHL TSA 300, ohne Akku und Ladeger\u00e4t"},"content":{"rendered":"<p>pLeichte Akku-Trenns\u00e4ge f\u00fcr 300nbsp Trennscheiben; mm. Geeignet f\u00fcr den Innen- und Au\u00dfenbereich, Schnitttiefe 110 mm, Wasseranschluss mit Kugelhahnhahn und Schlauchanschluss f\u00fcr Nassschnitt. Antriebswellensperre, wartungsfreier Riemenantrieb\/p<br \/>\n795711883898  <\/p>\n<p>Nennspannung 36<br \/>\nLeistungsaufnahme Leistungsaufnahme<\/p>\n<p>Power Power<br \/>\nBattery System AP<br \/>\nEmpfohlene Batterie AP 500 S<\/p>\n","protected":false},"excerpt":{"rendered":"<p>pLeichte Akku-Trenns\u00e4ge f\u00fcr 300nbsp Trennscheiben; mm. Geeignet f\u00fcr den Innen- und Au\u00dfenbereich, Schnitttiefe 110 mm, Wasseranschluss mit Kugelhahnhahn und Schlauchanschluss<\/p>\n","protected":false},"featured_media":436476,"template":"","meta":{"_seopress_robots_primary_cat":"","_seopress_titles_title":"","_seopress_titles_desc":"","_seopress_robots_index":""},"product_brand":[3554],"product_cat":[1699,1696,169],"product_tag":[3266],"class_list":{"0":"post-465372","1":"product","2":"type-product","3":"status-publish","4":"has-post-thumbnail","6":"product_brand-stihl-de","7":"product_cat-mahmaschinen-de","8":"product_cat-mahmaschinen-und-trimmer","9":"product_cat-maschinen","10":"product_tag-import-stihl-de","11":"sws-gruppo-macchinari","12":"sws-conto-ricavi-merci-rivendita-macchinari","13":"sws-gruppo-iva-iva81","15":"first","16":"onbackorder","17":"purchasable","18":"product-type-simple"},"_links":{"self":[{"href":"https:\/\/lucacastelli.com\/de\/wp-json\/wp\/v2\/product\/465372","targetHints":{"allow":["GET"]}}],"collection":[{"href":"https:\/\/lucacastelli.com\/de\/wp-json\/wp\/v2\/product"}],"about":[{"href":"https:\/\/lucacastelli.com\/de\/wp-json\/wp\/v2\/types\/product"}],"wp:featuredmedia":[{"embeddable":true,"href":"https:\/\/lucacastelli.com\/de\/wp-json\/wp\/v2\/media\/436476"}],"wp:attachment":[{"href":"https:\/\/lucacastelli.com\/de\/wp-json\/wp\/v2\/media?parent=465372"}],"wp:term":[{"taxonomy":"product_brand","embeddable":true,"href":"https:\/\/lucacastelli.com\/de\/wp-json\/wp\/v2\/product_brand?post=465372"},{"taxonomy":"product_cat","embeddable":true,"href":"https:\/\/lucacastelli.com\/de\/wp-json\/wp\/v2\/product_cat?post=465372"},{"taxonomy":"product_tag","embeddable":true,"href":"https:\/\/lucacastelli.com\/de\/wp-json\/wp\/v2\/product_tag?post=465372"}],"curies":[{"name":"wp","href":"https:\/\/api.w.org\/{rel}","templated":true}]}}