{"id":465353,"date":"2025-06-01T01:08:08","date_gmt":"2025-05-31T23:08:08","guid":{"rendered":"https:\/\/lucacastelli.com\/prodotto\/2-in-1-kettenhalter-325-d-48-mm-ketten\/"},"modified":"2025-06-28T03:53:35","modified_gmt":"2025-06-28T01:53:35","slug":"2-in-1-kettenhalter-325-d-48-mm-ketten","status":"publish","type":"product","link":"https:\/\/lucacastelli.com\/de\/produkt\/2-in-1-kettenhalter-325-d-48-mm-ketten\/","title":{"rendered":"STIHL 2-in-1 Kettenhalter, 325&#8243; D 4,8 mm Ketten"},"content":{"rendered":"<p>Zum Sch\u00e4rfen von .325&#8243;, 3\/8&#8243; und 3\/8 P Ketten. Z\u00e4hne und Tiefenbegrenzer k\u00f6nnen schnell und einfach in einem Arbeitsgang nachgesch\u00e4rft werden. Es enth\u00e4lt eine Rundfeile und eine flache Feile.<br \/>\n795711424244 <\/p>\n","protected":false},"excerpt":{"rendered":"<p>2-in-1 Kettenhalter, 325&#8243; D 4,8 mm Ketten<\/p>\n","protected":false},"featured_media":424964,"template":"","meta":{"_seopress_robots_primary_cat":"","_seopress_titles_title":"","_seopress_titles_desc":"","_seopress_robots_index":""},"product_brand":[3366],"product_cat":[29,515,268],"product_tag":[3265],"class_list":{"0":"post-465353","1":"product","2":"type-product","3":"status-publish","4":"has-post-thumbnail","6":"product_brand-stihl","7":"product_cat-macchinari","8":"product_cat-accessori-e-materiale-di-consumo-altri-dispositivi","9":"product_cat-motoseghe","10":"product_tag-import-stihl","11":"sws-gruppo-macchinari-de","12":"sws-conto-ricavi-merci-rivendita-macchinari-de","13":"sws-gruppo-iva-iva81-de","15":"first","16":"onbackorder","17":"purchasable","18":"product-type-simple"},"_links":{"self":[{"href":"https:\/\/lucacastelli.com\/de\/wp-json\/wp\/v2\/product\/465353","targetHints":{"allow":["GET"]}}],"collection":[{"href":"https:\/\/lucacastelli.com\/de\/wp-json\/wp\/v2\/product"}],"about":[{"href":"https:\/\/lucacastelli.com\/de\/wp-json\/wp\/v2\/types\/product"}],"wp:featuredmedia":[{"embeddable":true,"href":"https:\/\/lucacastelli.com\/de\/wp-json\/wp\/v2\/media\/424964"}],"wp:attachment":[{"href":"https:\/\/lucacastelli.com\/de\/wp-json\/wp\/v2\/media?parent=465353"}],"wp:term":[{"taxonomy":"product_brand","embeddable":true,"href":"https:\/\/lucacastelli.com\/de\/wp-json\/wp\/v2\/product_brand?post=465353"},{"taxonomy":"product_cat","embeddable":true,"href":"https:\/\/lucacastelli.com\/de\/wp-json\/wp\/v2\/product_cat?post=465353"},{"taxonomy":"product_tag","embeddable":true,"href":"https:\/\/lucacastelli.com\/de\/wp-json\/wp\/v2\/product_tag?post=465353"}],"curies":[{"name":"wp","href":"https:\/\/api.w.org\/{rel}","templated":true}]}}