{"id":465335,"date":"2025-06-01T01:05:24","date_gmt":"2025-05-31T23:05:24","guid":{"rendered":"https:\/\/lucacastelli.com\/prodotto\/stihl-usg-basisleuchte\/"},"modified":"2025-06-01T01:05:24","modified_gmt":"2025-05-31T23:05:24","slug":"stihl-usg-basisleuchte","status":"publish","type":"product","link":"https:\/\/lucacastelli.com\/de\/produkt\/stihl-usg-basisleuchte\/","title":{"rendered":"STIHL USG, Basisleuchte"},"content":{"rendered":"<p>Universelles Sch\u00e4rfger\u00e4t f\u00fcr alle Ketten, Kreiss\u00e4gen f\u00fcr STIHL Heckenscherenmesser. Das Basisger\u00e4t ist komplett mit einer Schwenkhalterung f\u00fcr alle STIHL Oilomatic Ketten und 2 Formr\u00e4dern ausgestattet. Es stehen 3 weitere verschiedene Halter zur Verf\u00fcgung: f\u00fcr Ketten mit spitzen Z\u00e4hnen, f\u00fcr Heckenscherenmesser und f\u00fcr Kreiss\u00e4gen.<br \/>\n795711862039  <\/p>\n","protected":false},"excerpt":{"rendered":"<p>STIHL USG, Basisleuchte<\/p>\n","protected":false},"featured_media":437701,"template":"","meta":{"_seopress_robots_primary_cat":"","_seopress_titles_title":"","_seopress_titles_desc":"","_seopress_robots_index":""},"product_brand":[3554],"product_cat":[1612,169,1455],"product_tag":[3266],"class_list":{"0":"post-465335","1":"product","2":"type-product","3":"status-publish","4":"has-post-thumbnail","6":"product_brand-stihl-de","7":"product_cat-kettensagen","8":"product_cat-maschinen","9":"product_cat-zubehor-und-verbrauchsmaterial-de","10":"product_tag-import-stihl-de","11":"sws-gruppo-macchinari-de","12":"sws-conto-ricavi-merci-rivendita-macchinari-de","13":"sws-gruppo-iva-iva81-de","15":"first","16":"onbackorder","17":"purchasable","18":"product-type-simple"},"_links":{"self":[{"href":"https:\/\/lucacastelli.com\/de\/wp-json\/wp\/v2\/product\/465335","targetHints":{"allow":["GET"]}}],"collection":[{"href":"https:\/\/lucacastelli.com\/de\/wp-json\/wp\/v2\/product"}],"about":[{"href":"https:\/\/lucacastelli.com\/de\/wp-json\/wp\/v2\/types\/product"}],"wp:featuredmedia":[{"embeddable":true,"href":"https:\/\/lucacastelli.com\/de\/wp-json\/wp\/v2\/media\/437701"}],"wp:attachment":[{"href":"https:\/\/lucacastelli.com\/de\/wp-json\/wp\/v2\/media?parent=465335"}],"wp:term":[{"taxonomy":"product_brand","embeddable":true,"href":"https:\/\/lucacastelli.com\/de\/wp-json\/wp\/v2\/product_brand?post=465335"},{"taxonomy":"product_cat","embeddable":true,"href":"https:\/\/lucacastelli.com\/de\/wp-json\/wp\/v2\/product_cat?post=465335"},{"taxonomy":"product_tag","embeddable":true,"href":"https:\/\/lucacastelli.com\/de\/wp-json\/wp\/v2\/product_tag?post=465335"}],"curies":[{"name":"wp","href":"https:\/\/api.w.org\/{rel}","templated":true}]}}