{"id":465330,"date":"2025-06-01T01:06:32","date_gmt":"2025-05-31T23:06:32","guid":{"rendered":"https:\/\/lucacastelli.com\/prodotto\/fg-2-spitzer\/"},"modified":"2025-06-28T03:53:05","modified_gmt":"2025-06-28T01:53:05","slug":"fg-2-spitzer","status":"publish","type":"product","link":"https:\/\/lucacastelli.com\/de\/produkt\/fg-2-spitzer\/","title":{"rendered":"STIHL FG 2 Spitzer"},"content":{"rendered":"<p>FG Pr\u00e4zisions-Handeinf\u00e4dler 2. Aus Metall, zur Befestigung am Tisch, ohne Feile oder Feilengriff. Schraubstock erh\u00e4ltlich, 2 Schrauben werden zur Befestigung am Tisch ben\u00f6tigt.<br \/>\n795711114398  <\/p>\n","protected":false},"excerpt":{"rendered":"<p>FG 2 Spitzer<\/p>\n","protected":false},"featured_media":437715,"template":"","meta":{"_seopress_robots_primary_cat":"","_seopress_titles_title":"","_seopress_titles_desc":"","_seopress_robots_index":""},"product_brand":[3366],"product_cat":[29,515,268],"product_tag":[3265],"class_list":{"0":"post-465330","1":"product","2":"type-product","3":"status-publish","4":"has-post-thumbnail","6":"product_brand-stihl","7":"product_cat-macchinari","8":"product_cat-accessori-e-materiale-di-consumo-altri-dispositivi","9":"product_cat-motoseghe","10":"product_tag-import-stihl","11":"sws-gruppo-macchinari-de","12":"sws-conto-ricavi-merci-rivendita-macchinari-de","13":"sws-gruppo-iva-iva81-de","15":"first","16":"onbackorder","17":"purchasable","18":"product-type-simple"},"_links":{"self":[{"href":"https:\/\/lucacastelli.com\/de\/wp-json\/wp\/v2\/product\/465330","targetHints":{"allow":["GET"]}}],"collection":[{"href":"https:\/\/lucacastelli.com\/de\/wp-json\/wp\/v2\/product"}],"about":[{"href":"https:\/\/lucacastelli.com\/de\/wp-json\/wp\/v2\/types\/product"}],"wp:featuredmedia":[{"embeddable":true,"href":"https:\/\/lucacastelli.com\/de\/wp-json\/wp\/v2\/media\/437715"}],"wp:attachment":[{"href":"https:\/\/lucacastelli.com\/de\/wp-json\/wp\/v2\/media?parent=465330"}],"wp:term":[{"taxonomy":"product_brand","embeddable":true,"href":"https:\/\/lucacastelli.com\/de\/wp-json\/wp\/v2\/product_brand?post=465330"},{"taxonomy":"product_cat","embeddable":true,"href":"https:\/\/lucacastelli.com\/de\/wp-json\/wp\/v2\/product_cat?post=465330"},{"taxonomy":"product_tag","embeddable":true,"href":"https:\/\/lucacastelli.com\/de\/wp-json\/wp\/v2\/product_tag?post=465330"}],"curies":[{"name":"wp","href":"https:\/\/api.w.org\/{rel}","templated":true}]}}