{"id":465320,"date":"2025-06-01T00:26:12","date_gmt":"2025-05-31T22:26:12","guid":{"rendered":"https:\/\/lucacastelli.com\/?post_type=product&#038;p=465320"},"modified":"2025-06-28T09:27:22","modified_gmt":"2025-06-28T07:27:22","slug":"rapid-duro-r-notkette-rdr-3-8-16-mm","status":"publish","type":"product","link":"https:\/\/lucacastelli.com\/de\/produkt\/rapid-duro-r-notkette-rdr-3-8-16-mm\/","title":{"rendered":"Rapid Duro R Notkette (RDR), 3\/8, 1,6 mm"},"content":{"rendered":"<p>Spezialkette f\u00fcr schwerste Arbeiten (z.B. an Holz mit N\u00e4geln, Verbundwerkstoffen und Sicherheitsglas oder Panzerglas). Die Schneidz\u00e4hne haben eine vollst\u00e4ndige Panzerung aus harten, aber z\u00e4hen Hartmetallplatten.<br \/>\n795711267797 <\/p>\n<p>Kettenteilung 9,32 mm \/ 3\/8&#8243;<br \/>\n Dicke des F\u00fchrungsglieds Dicke des F\u00fchrungsglieds<\/p>\n<p>L\u00e4nge der Stange L\u00e4nge der Stange<\/p>\n","protected":false},"excerpt":{"rendered":"<p>Rapid Duro R Notkette (RDR), 3\/8, 1,6 mm<\/p>\n","protected":false},"featured_media":469079,"template":"","meta":{"_seopress_robots_primary_cat":"","_seopress_titles_title":"","_seopress_titles_desc":"","_seopress_robots_index":""},"product_brand":[3366],"product_cat":[29,268,504],"product_tag":[3265],"class_list":{"0":"post-465320","1":"product","2":"type-product","3":"status-publish","4":"has-post-thumbnail","6":"product_brand-stihl","7":"product_cat-macchinari","8":"product_cat-motoseghe","9":"product_cat-catene-e-rotoli","10":"product_tag-import-stihl","11":"sws-gruppo-macchinari-de","12":"sws-conto-ricavi-merci-rivendita-macchinari-de","13":"sws-gruppo-iva-iva81-de","15":"first","16":"onbackorder","17":"purchasable","18":"product-type-simple"},"_links":{"self":[{"href":"https:\/\/lucacastelli.com\/de\/wp-json\/wp\/v2\/product\/465320","targetHints":{"allow":["GET"]}}],"collection":[{"href":"https:\/\/lucacastelli.com\/de\/wp-json\/wp\/v2\/product"}],"about":[{"href":"https:\/\/lucacastelli.com\/de\/wp-json\/wp\/v2\/types\/product"}],"wp:featuredmedia":[{"embeddable":true,"href":"https:\/\/lucacastelli.com\/de\/wp-json\/wp\/v2\/media\/469079"}],"wp:attachment":[{"href":"https:\/\/lucacastelli.com\/de\/wp-json\/wp\/v2\/media?parent=465320"}],"wp:term":[{"taxonomy":"product_brand","embeddable":true,"href":"https:\/\/lucacastelli.com\/de\/wp-json\/wp\/v2\/product_brand?post=465320"},{"taxonomy":"product_cat","embeddable":true,"href":"https:\/\/lucacastelli.com\/de\/wp-json\/wp\/v2\/product_cat?post=465320"},{"taxonomy":"product_tag","embeddable":true,"href":"https:\/\/lucacastelli.com\/de\/wp-json\/wp\/v2\/product_tag?post=465320"}],"curies":[{"name":"wp","href":"https:\/\/api.w.org\/{rel}","templated":true}]}}