{"id":465312,"date":"2025-06-01T00:25:33","date_gmt":"2025-05-31T22:25:33","guid":{"rendered":"https:\/\/lucacastelli.com\/prodotto\/325-rapid-duro-3-pro-rd3-35-cm\/"},"modified":"2025-08-06T21:58:02","modified_gmt":"2025-08-06T19:58:02","slug":"325-rapid-duro-3-pro-rd3-35-cm","status":"publish","type":"product","link":"https:\/\/lucacastelli.com\/de\/produkt\/325-rapid-duro-3-pro-rd3-35-cm\/","title":{"rendered":"STIHL 325&#8243; Rapid Duro 3 Pro (RD3), 35 cm"},"content":{"rendered":"<p>Extrem robuste Wolframkarbidkette mit geringem R\u00fcckprall und buckligem F\u00fchrungsglied f\u00fcr den harten Einsatz. Ohne Nachschleifen bleibt sie bis zu zehnmal l\u00e4nger scharf als herk\u00f6mmliche Ketten. \u00c4u\u00dferst robust, h\u00e4lt hohen Belastungen stand, geringe Vibrationen.<br \/>\n886661308958<\/p>\n<p>Kettenteilung 8,25 mm \/ .325&#8243;<br \/>\n Dicke des F\u00fchrungsglieds Dicke des F\u00fchrungsglieds<\/p>\n<p>L\u00e4nge der Stange L\u00e4nge der Stange<\/p>\n","protected":false},"excerpt":{"rendered":"<p>325&#8243;, Rapid Duro 3 Pro (RD3), 35 cm<\/p>\n","protected":false},"featured_media":429946,"template":"","meta":{"_seopress_robots_primary_cat":"","_seopress_titles_title":"","_seopress_titles_desc":"","_seopress_robots_index":""},"product_brand":[3366],"product_cat":[29,268,504],"product_tag":[3265],"class_list":{"0":"post-465312","1":"product","2":"type-product","3":"status-publish","4":"has-post-thumbnail","6":"product_brand-stihl","7":"product_cat-macchinari","8":"product_cat-motoseghe","9":"product_cat-catene-e-rotoli","10":"product_tag-import-stihl","11":"sws-gruppo-macchinari-de","12":"sws-conto-ricavi-merci-rivendita-macchinari-de","13":"sws-gruppo-iva-iva81-de","15":"first","16":"onbackorder","17":"purchasable","18":"product-type-simple"},"_links":{"self":[{"href":"https:\/\/lucacastelli.com\/de\/wp-json\/wp\/v2\/product\/465312","targetHints":{"allow":["GET"]}}],"collection":[{"href":"https:\/\/lucacastelli.com\/de\/wp-json\/wp\/v2\/product"}],"about":[{"href":"https:\/\/lucacastelli.com\/de\/wp-json\/wp\/v2\/types\/product"}],"wp:featuredmedia":[{"embeddable":true,"href":"https:\/\/lucacastelli.com\/de\/wp-json\/wp\/v2\/media\/429946"}],"wp:attachment":[{"href":"https:\/\/lucacastelli.com\/de\/wp-json\/wp\/v2\/media?parent=465312"}],"wp:term":[{"taxonomy":"product_brand","embeddable":true,"href":"https:\/\/lucacastelli.com\/de\/wp-json\/wp\/v2\/product_brand?post=465312"},{"taxonomy":"product_cat","embeddable":true,"href":"https:\/\/lucacastelli.com\/de\/wp-json\/wp\/v2\/product_cat?post=465312"},{"taxonomy":"product_tag","embeddable":true,"href":"https:\/\/lucacastelli.com\/de\/wp-json\/wp\/v2\/product_tag?post=465312"}],"curies":[{"name":"wp","href":"https:\/\/api.w.org\/{rel}","templated":true}]}}