{"id":465304,"date":"2025-06-01T00:24:57","date_gmt":"2025-05-31T22:24:57","guid":{"rendered":"https:\/\/lucacastelli.com\/prodotto\/325-rapid-micro-3-pro-rm3-35-cm\/"},"modified":"2025-08-06T21:57:59","modified_gmt":"2025-08-06T19:57:59","slug":"325-rapid-micro-3-pro-rm3-35-cm","status":"publish","type":"product","link":"https:\/\/lucacastelli.com\/de\/produkt\/325-rapid-micro-3-pro-rm3-35-cm\/","title":{"rendered":"STIHL .325&#8243; Rapid Micro 3 Pro (RM3), 35 cm"},"content":{"rendered":"<p>Kette mit reduzierter Vibration und Zugstufe, mit H\u00f6cker-F\u00fchrungsglied. Hohe Schnittqualit\u00e4t, weicher Schnitt, robust und mit geringer H\u00fcpfneigung.<br \/>\n886661880072 <\/p>\n<p>Kettenteilung 8,25 mm \/ .325&#8243;<br \/>\n Dicke des F\u00fchrungsglieds Dicke des F\u00fchrungsglieds<\/p>\n<p>L\u00e4nge der Stange L\u00e4nge der Stange<\/p>\n","protected":false},"excerpt":{"rendered":"<p>.325&#8243; Rapid Micro 3 Pro (RM3), 35 cm<\/p>\n","protected":false},"featured_media":429930,"template":"","meta":{"_seopress_robots_primary_cat":"","_seopress_titles_title":"","_seopress_titles_desc":"","_seopress_robots_index":""},"product_brand":[3366],"product_cat":[29,268,504],"product_tag":[3265],"class_list":{"0":"post-465304","1":"product","2":"type-product","3":"status-publish","4":"has-post-thumbnail","6":"product_brand-stihl","7":"product_cat-macchinari","8":"product_cat-motoseghe","9":"product_cat-catene-e-rotoli","10":"product_tag-import-stihl","11":"sws-gruppo-macchinari-de","12":"sws-conto-ricavi-merci-rivendita-macchinari-de","13":"sws-gruppo-iva-iva81-de","15":"first","16":"onbackorder","17":"purchasable","18":"product-type-simple"},"_links":{"self":[{"href":"https:\/\/lucacastelli.com\/de\/wp-json\/wp\/v2\/product\/465304","targetHints":{"allow":["GET"]}}],"collection":[{"href":"https:\/\/lucacastelli.com\/de\/wp-json\/wp\/v2\/product"}],"about":[{"href":"https:\/\/lucacastelli.com\/de\/wp-json\/wp\/v2\/types\/product"}],"wp:featuredmedia":[{"embeddable":true,"href":"https:\/\/lucacastelli.com\/de\/wp-json\/wp\/v2\/media\/429930"}],"wp:attachment":[{"href":"https:\/\/lucacastelli.com\/de\/wp-json\/wp\/v2\/media?parent=465304"}],"wp:term":[{"taxonomy":"product_brand","embeddable":true,"href":"https:\/\/lucacastelli.com\/de\/wp-json\/wp\/v2\/product_brand?post=465304"},{"taxonomy":"product_cat","embeddable":true,"href":"https:\/\/lucacastelli.com\/de\/wp-json\/wp\/v2\/product_cat?post=465304"},{"taxonomy":"product_tag","embeddable":true,"href":"https:\/\/lucacastelli.com\/de\/wp-json\/wp\/v2\/product_tag?post=465304"}],"curies":[{"name":"wp","href":"https:\/\/api.w.org\/{rel}","templated":true}]}}