{"id":465275,"date":"2025-06-01T02:35:28","date_gmt":"2025-06-01T00:35:28","guid":{"rendered":"https:\/\/lucacastelli.com\/prodotto\/multifunktionswerkzeug-mit-schluessel-19-13\/"},"modified":"2025-06-27T08:10:37","modified_gmt":"2025-06-27T06:10:37","slug":"multifunktionswerkzeug-mit-schluessel-19-13","status":"publish","type":"product","link":"https:\/\/lucacastelli.com\/de\/produkt\/multifunktionswerkzeug-mit-schluessel-19-13\/","title":{"rendered":"Multifunktionswerkzeug mit Schl\u00fcssel 19 &#8211; 13"},"content":{"rendered":"<p>Praktisches, hochwertiges Multitool im stabilen Kunststoffkoffer mit 3,5 mm Schraubendreher (zum Einstellen des Vergasers und zum Reinigen von Rillen) und 7,0 mm Schraubendreher, TX27 Torx-Klinge und Z\u00fcndkerzenschl\u00fcssel 19, 13 und 19 16. Inklusive Nylontasche mit G\u00fcrtelschlaufe.<br \/>\n795711423131 <\/p>\n","protected":false},"excerpt":{"rendered":"<p>Multifunktionswerkzeug mit Schl\u00fcssel 19 &#8211; 13<\/p>\n","protected":false},"featured_media":425141,"template":"","meta":{"_seopress_robots_primary_cat":"","_seopress_titles_title":"","_seopress_titles_desc":"","_seopress_robots_index":""},"product_brand":[3366],"product_cat":[29,515,268],"product_tag":[3265],"class_list":{"0":"post-465275","1":"product","2":"type-product","3":"status-publish","4":"has-post-thumbnail","6":"product_brand-stihl","7":"product_cat-macchinari","8":"product_cat-accessori-e-materiale-di-consumo-altri-dispositivi","9":"product_cat-motoseghe","10":"product_tag-import-stihl","11":"sws-gruppo-macchinari","12":"sws-conto-ricavi-merci-rivendita-macchinari","13":"sws-gruppo-iva-iva81","15":"first","16":"onbackorder","17":"purchasable","18":"product-type-simple"},"_links":{"self":[{"href":"https:\/\/lucacastelli.com\/de\/wp-json\/wp\/v2\/product\/465275","targetHints":{"allow":["GET"]}}],"collection":[{"href":"https:\/\/lucacastelli.com\/de\/wp-json\/wp\/v2\/product"}],"about":[{"href":"https:\/\/lucacastelli.com\/de\/wp-json\/wp\/v2\/types\/product"}],"wp:featuredmedia":[{"embeddable":true,"href":"https:\/\/lucacastelli.com\/de\/wp-json\/wp\/v2\/media\/425141"}],"wp:attachment":[{"href":"https:\/\/lucacastelli.com\/de\/wp-json\/wp\/v2\/media?parent=465275"}],"wp:term":[{"taxonomy":"product_brand","embeddable":true,"href":"https:\/\/lucacastelli.com\/de\/wp-json\/wp\/v2\/product_brand?post=465275"},{"taxonomy":"product_cat","embeddable":true,"href":"https:\/\/lucacastelli.com\/de\/wp-json\/wp\/v2\/product_cat?post=465275"},{"taxonomy":"product_tag","embeddable":true,"href":"https:\/\/lucacastelli.com\/de\/wp-json\/wp\/v2\/product_tag?post=465275"}],"curies":[{"name":"wp","href":"https:\/\/api.w.org\/{rel}","templated":true}]}}