{"id":465259,"date":"2025-06-01T02:32:45","date_gmt":"2025-06-01T00:32:45","guid":{"rendered":"https:\/\/lucacastelli.com\/prodotto\/kettenschutz-fuer-kettensaegen-tophandle-35cm\/"},"modified":"2026-03-02T11:25:06","modified_gmt":"2026-03-02T10:25:06","slug":"kettenschutz-fuer-kettensaegen-tophandle-35cm","status":"publish","type":"product","link":"https:\/\/lucacastelli.com\/de\/produkt\/kettenschutz-fuer-kettensaegen-tophandle-35cm\/","title":{"rendered":"STIHL Kettenschutz f\u00fcr Tophandle-Motors\u00e4gen 35 cm"},"content":{"rendered":"<p>Rastet verliersicher im Kettenraddeckel ein. Die Krallen werden abgedeckt. F\u00fcr MS 193 T, MS 200 T und MS 201 T.<br \/>\n795711809546  <\/p>\n","protected":false},"excerpt":{"rendered":"<p>Kettenschutz f\u00fcr Tophandle-Motors\u00e4gen 35 cm<\/p>\n","protected":false},"featured_media":424982,"template":"","meta":{"_seopress_robots_primary_cat":"","_seopress_titles_title":"","_seopress_titles_desc":"","_seopress_robots_index":""},"product_brand":[3366],"product_cat":[29,268],"product_tag":[3265],"class_list":{"0":"post-465259","1":"product","2":"type-product","3":"status-publish","4":"has-post-thumbnail","6":"product_brand-stihl","7":"product_cat-macchinari","8":"product_cat-motoseghe","9":"product_tag-import-stihl","10":"sws-gruppo-macchinari-de","11":"sws-conto-ricavi-merci-rivendita-macchinari-de","12":"sws-gruppo-iva-iva81-de","14":"first","15":"onbackorder","16":"purchasable","17":"product-type-simple"},"_links":{"self":[{"href":"https:\/\/lucacastelli.com\/de\/wp-json\/wp\/v2\/product\/465259","targetHints":{"allow":["GET"]}}],"collection":[{"href":"https:\/\/lucacastelli.com\/de\/wp-json\/wp\/v2\/product"}],"about":[{"href":"https:\/\/lucacastelli.com\/de\/wp-json\/wp\/v2\/types\/product"}],"wp:featuredmedia":[{"embeddable":true,"href":"https:\/\/lucacastelli.com\/de\/wp-json\/wp\/v2\/media\/424982"}],"wp:attachment":[{"href":"https:\/\/lucacastelli.com\/de\/wp-json\/wp\/v2\/media?parent=465259"}],"wp:term":[{"taxonomy":"product_brand","embeddable":true,"href":"https:\/\/lucacastelli.com\/de\/wp-json\/wp\/v2\/product_brand?post=465259"},{"taxonomy":"product_cat","embeddable":true,"href":"https:\/\/lucacastelli.com\/de\/wp-json\/wp\/v2\/product_cat?post=465259"},{"taxonomy":"product_tag","embeddable":true,"href":"https:\/\/lucacastelli.com\/de\/wp-json\/wp\/v2\/product_tag?post=465259"}],"curies":[{"name":"wp","href":"https:\/\/api.w.org\/{rel}","templated":true}]}}