{"id":465251,"date":"2025-06-01T02:32:38","date_gmt":"2025-06-01T00:32:38","guid":{"rendered":"https:\/\/lucacastelli.com\/prodotto\/2-in-1-kettenhalter-404-d-55-mm-ketten\/"},"modified":"2025-06-27T08:10:25","modified_gmt":"2025-06-27T06:10:25","slug":"2-in-1-kettenhalter-404-d-55-mm-ketten","status":"publish","type":"product","link":"https:\/\/lucacastelli.com\/de\/produkt\/2-in-1-kettenhalter-404-d-55-mm-ketten\/","title":{"rendered":"2-in-1 Kettenhalter, .404&#8243; D 5,5 mm Ketten"},"content":{"rendered":"<p>Zum Sch\u00e4rfen von .325&#8243;, 3\/8&#8243; und 3\/8 P Ketten. Z\u00e4hne und Tiefenbegrenzer k\u00f6nnen schnell und einfach in einem Arbeitsgang nachgesch\u00e4rft werden. Es enth\u00e4lt eine Rundfeile und eine flache Feile.<br \/>\n886661353194 <\/p>\n","protected":false},"excerpt":{"rendered":"<p>2-in-1 Kettenhalter, .404&#8243; D 5,5 mm Ketten<\/p>\n","protected":false},"featured_media":424961,"template":"","meta":{"_seopress_robots_primary_cat":"","_seopress_titles_title":"","_seopress_titles_desc":"","_seopress_robots_index":""},"product_brand":[3554],"product_cat":[1612,169,1455],"product_tag":[3266],"class_list":{"0":"post-465251","1":"product","2":"type-product","3":"status-publish","4":"has-post-thumbnail","6":"product_brand-stihl-de","7":"product_cat-kettensagen","8":"product_cat-maschinen","9":"product_cat-zubehor-und-verbrauchsmaterial-de","10":"product_tag-import-stihl-de","11":"sws-gruppo-macchinari-de","12":"sws-conto-ricavi-merci-rivendita-macchinari-de","13":"sws-gruppo-iva-iva81-de","15":"first","16":"onbackorder","17":"purchasable","18":"product-type-simple"},"_links":{"self":[{"href":"https:\/\/lucacastelli.com\/de\/wp-json\/wp\/v2\/product\/465251","targetHints":{"allow":["GET"]}}],"collection":[{"href":"https:\/\/lucacastelli.com\/de\/wp-json\/wp\/v2\/product"}],"about":[{"href":"https:\/\/lucacastelli.com\/de\/wp-json\/wp\/v2\/types\/product"}],"wp:featuredmedia":[{"embeddable":true,"href":"https:\/\/lucacastelli.com\/de\/wp-json\/wp\/v2\/media\/424961"}],"wp:attachment":[{"href":"https:\/\/lucacastelli.com\/de\/wp-json\/wp\/v2\/media?parent=465251"}],"wp:term":[{"taxonomy":"product_brand","embeddable":true,"href":"https:\/\/lucacastelli.com\/de\/wp-json\/wp\/v2\/product_brand?post=465251"},{"taxonomy":"product_cat","embeddable":true,"href":"https:\/\/lucacastelli.com\/de\/wp-json\/wp\/v2\/product_cat?post=465251"},{"taxonomy":"product_tag","embeddable":true,"href":"https:\/\/lucacastelli.com\/de\/wp-json\/wp\/v2\/product_tag?post=465251"}],"curies":[{"name":"wp","href":"https:\/\/api.w.org\/{rel}","templated":true}]}}