{"id":465247,"date":"2025-06-01T02:32:39","date_gmt":"2025-06-01T00:32:39","guid":{"rendered":"https:\/\/lucacastelli.com\/prodotto\/raster-zum-schaerfen\/"},"modified":"2026-01-14T13:16:14","modified_gmt":"2026-01-14T12:16:14","slug":"raster-zum-schaerfen","status":"publish","type":"product","link":"https:\/\/lucacastelli.com\/de\/produkt\/raster-zum-schaerfen\/","title":{"rendered":"Raster zum Sch\u00e4rfen"},"content":{"rendered":"<p>Sch\u00e4rfhilfe f\u00fcr die Kette. Linien (25\u00b0\/30\u00b0) erleichtern die gleichm\u00e4\u00dfige und korrekte Ausrichtung der Feile. Mit zwei Magneten zur Befestigung.<br \/>\n795711384913  <\/p>\n","protected":false},"excerpt":{"rendered":"<p>Raster zum Sch\u00e4rfen<\/p>\n","protected":false},"featured_media":424965,"template":"","meta":{"_seopress_robots_primary_cat":"","_seopress_titles_title":"","_seopress_titles_desc":"","_seopress_robots_index":""},"product_brand":[3366],"product_cat":[29,515,268],"product_tag":[3265],"class_list":{"0":"post-465247","1":"product","2":"type-product","3":"status-publish","4":"has-post-thumbnail","6":"product_brand-stihl","7":"product_cat-macchinari","8":"product_cat-accessori-e-materiale-di-consumo-altri-dispositivi","9":"product_cat-motoseghe","10":"product_tag-import-stihl","11":"sws-gruppo-macchinari-de","12":"sws-conto-ricavi-merci-rivendita-macchinari-de","13":"sws-gruppo-iva-iva81-de","15":"first","16":"onbackorder","17":"purchasable","18":"product-type-simple"},"_links":{"self":[{"href":"https:\/\/lucacastelli.com\/de\/wp-json\/wp\/v2\/product\/465247","targetHints":{"allow":["GET"]}}],"collection":[{"href":"https:\/\/lucacastelli.com\/de\/wp-json\/wp\/v2\/product"}],"about":[{"href":"https:\/\/lucacastelli.com\/de\/wp-json\/wp\/v2\/types\/product"}],"wp:featuredmedia":[{"embeddable":true,"href":"https:\/\/lucacastelli.com\/de\/wp-json\/wp\/v2\/media\/424965"}],"wp:attachment":[{"href":"https:\/\/lucacastelli.com\/de\/wp-json\/wp\/v2\/media?parent=465247"}],"wp:term":[{"taxonomy":"product_brand","embeddable":true,"href":"https:\/\/lucacastelli.com\/de\/wp-json\/wp\/v2\/product_brand?post=465247"},{"taxonomy":"product_cat","embeddable":true,"href":"https:\/\/lucacastelli.com\/de\/wp-json\/wp\/v2\/product_cat?post=465247"},{"taxonomy":"product_tag","embeddable":true,"href":"https:\/\/lucacastelli.com\/de\/wp-json\/wp\/v2\/product_tag?post=465247"}],"curies":[{"name":"wp","href":"https:\/\/api.w.org\/{rel}","templated":true}]}}