{"id":465243,"date":"2025-06-01T01:13:41","date_gmt":"2025-05-31T23:13:41","guid":{"rendered":"https:\/\/lucacastelli.com\/prodotto\/fuer-404o-55-mm\/"},"modified":"2025-06-28T03:55:29","modified_gmt":"2025-06-28T01:55:29","slug":"fuer-404o-55-mm","status":"publish","type":"product","link":"https:\/\/lucacastelli.com\/de\/produkt\/fuer-404o-55-mm\/","title":{"rendered":"STIHL f\u00fcr .404&#8243;\u00d8 5,5 mm"},"content":{"rendered":"<p>Ideale Erg\u00e4nzung zu STIHL. Besonders einfach in der Handhabung, f\u00fcr eine sehr pr\u00e4zise Aktenf\u00fchrung und perfekte Kettensch\u00e4rfe auch f\u00fcr Gelegenheitsanwender. Mit Gebrauchsanweisung auf DVD.<br \/>\n795711956882<\/p>\n","protected":false},"excerpt":{"rendered":"<p>f\u00fcr .404&#8243;\u00d8 5,5 mm<\/p>\n","protected":false},"featured_media":437759,"template":"","meta":{"_seopress_robots_primary_cat":"","_seopress_titles_title":"","_seopress_titles_desc":"","_seopress_robots_index":""},"product_brand":[3554],"product_cat":[1612,169,1455],"product_tag":[3266],"class_list":{"0":"post-465243","1":"product","2":"type-product","3":"status-publish","4":"has-post-thumbnail","6":"product_brand-stihl-de","7":"product_cat-kettensagen","8":"product_cat-maschinen","9":"product_cat-zubehor-und-verbrauchsmaterial-de","10":"product_tag-import-stihl-de","11":"sws-gruppo-macchinari-de","12":"sws-conto-ricavi-merci-rivendita-macchinari-de","13":"sws-gruppo-iva-iva81-de","15":"first","16":"onbackorder","17":"purchasable","18":"product-type-simple"},"_links":{"self":[{"href":"https:\/\/lucacastelli.com\/de\/wp-json\/wp\/v2\/product\/465243","targetHints":{"allow":["GET"]}}],"collection":[{"href":"https:\/\/lucacastelli.com\/de\/wp-json\/wp\/v2\/product"}],"about":[{"href":"https:\/\/lucacastelli.com\/de\/wp-json\/wp\/v2\/types\/product"}],"wp:featuredmedia":[{"embeddable":true,"href":"https:\/\/lucacastelli.com\/de\/wp-json\/wp\/v2\/media\/437759"}],"wp:attachment":[{"href":"https:\/\/lucacastelli.com\/de\/wp-json\/wp\/v2\/media?parent=465243"}],"wp:term":[{"taxonomy":"product_brand","embeddable":true,"href":"https:\/\/lucacastelli.com\/de\/wp-json\/wp\/v2\/product_brand?post=465243"},{"taxonomy":"product_cat","embeddable":true,"href":"https:\/\/lucacastelli.com\/de\/wp-json\/wp\/v2\/product_cat?post=465243"},{"taxonomy":"product_tag","embeddable":true,"href":"https:\/\/lucacastelli.com\/de\/wp-json\/wp\/v2\/product_tag?post=465243"}],"curies":[{"name":"wp","href":"https:\/\/api.w.org\/{rel}","templated":true}]}}