{"id":465240,"date":"2025-06-01T01:13:59","date_gmt":"2025-05-31T23:13:59","guid":{"rendered":"https:\/\/lucacastelli.com\/prodotto\/ng-7-niet-oeffnungsmaschine\/"},"modified":"2025-06-28T03:55:41","modified_gmt":"2025-06-28T01:55:41","slug":"ng-7-niet-oeffnungsmaschine","status":"publish","type":"product","link":"https:\/\/lucacastelli.com\/de\/produkt\/ng-7-niet-oeffnungsmaschine\/","title":{"rendered":"STIHL NG 7 Niet-\/\u00d6ffnungsmaschine"},"content":{"rendered":"<p>Kombiniertes Ger\u00e4t. Zum Nieten und \u00d6ffnen von Ketten.<br \/>\n795711172572 <\/p>\n","protected":false},"excerpt":{"rendered":"<p>NG 7 Niet-\/\u00d6ffnungsmaschine<\/p>\n","protected":false},"featured_media":437769,"template":"","meta":{"_seopress_robots_primary_cat":"","_seopress_titles_title":"","_seopress_titles_desc":"","_seopress_robots_index":""},"product_brand":[3554],"product_cat":[1612,169,1455],"product_tag":[3266],"class_list":{"0":"post-465240","1":"product","2":"type-product","3":"status-publish","4":"has-post-thumbnail","6":"product_brand-stihl-de","7":"product_cat-kettensagen","8":"product_cat-maschinen","9":"product_cat-zubehor-und-verbrauchsmaterial-de","10":"product_tag-import-stihl-de","11":"sws-gruppo-macchinari-de","12":"sws-conto-ricavi-merci-rivendita-macchinari-de","13":"sws-gruppo-iva-iva81-de","15":"first","16":"onbackorder","17":"purchasable","18":"product-type-simple"},"_links":{"self":[{"href":"https:\/\/lucacastelli.com\/de\/wp-json\/wp\/v2\/product\/465240","targetHints":{"allow":["GET"]}}],"collection":[{"href":"https:\/\/lucacastelli.com\/de\/wp-json\/wp\/v2\/product"}],"about":[{"href":"https:\/\/lucacastelli.com\/de\/wp-json\/wp\/v2\/types\/product"}],"wp:featuredmedia":[{"embeddable":true,"href":"https:\/\/lucacastelli.com\/de\/wp-json\/wp\/v2\/media\/437769"}],"wp:attachment":[{"href":"https:\/\/lucacastelli.com\/de\/wp-json\/wp\/v2\/media?parent=465240"}],"wp:term":[{"taxonomy":"product_brand","embeddable":true,"href":"https:\/\/lucacastelli.com\/de\/wp-json\/wp\/v2\/product_brand?post=465240"},{"taxonomy":"product_cat","embeddable":true,"href":"https:\/\/lucacastelli.com\/de\/wp-json\/wp\/v2\/product_cat?post=465240"},{"taxonomy":"product_tag","embeddable":true,"href":"https:\/\/lucacastelli.com\/de\/wp-json\/wp\/v2\/product_tag?post=465240"}],"curies":[{"name":"wp","href":"https:\/\/api.w.org\/{rel}","templated":true}]}}