{"id":465222,"date":"2025-06-01T01:12:06","date_gmt":"2025-05-31T23:12:06","guid":{"rendered":"https:\/\/lucacastelli.com\/prodotto\/spitzer-fg-4-fuer-3-8-p-o-40-mm\/"},"modified":"2025-06-28T03:54:58","modified_gmt":"2025-06-28T01:54:58","slug":"spitzer-fg-4-fuer-3-8-p-o-40-mm","status":"publish","type":"product","link":"https:\/\/lucacastelli.com\/de\/produkt\/spitzer-fg-4-fuer-3-8-p-o-40-mm\/","title":{"rendered":"STIHL Spitzer FG 4, f\u00fcr 3\/8&#8243; P \u00d8 4,0 mm"},"content":{"rendered":"<p>Kompakter runder Feilensch\u00e4rfer mit hervorragender Fasenf\u00fchrung, pr\u00e4zise Feilen mit reduziertem Kraftaufwand. Ideal f\u00fcr Profis, die t\u00e4glich mit Pr\u00e4zisionsschleifen arbeiten. Mit integrierter Sch\u00e4rfplatte zur korrekten Einstellung des Tiefenmesserabstands entsprechend dem Sch\u00e4rfverfahren und n\u00fctzlichen Tipps f\u00fcr die Anwendung auf DVD.<br \/>\n795711692247<\/p>\n","protected":false},"excerpt":{"rendered":"<p>Spitzer FG 4, f\u00fcr 3\/8&#8243; P \u00d8 4,0 mm<\/p>\n","protected":false},"featured_media":437751,"template":"","meta":{"_seopress_robots_primary_cat":"","_seopress_titles_title":"","_seopress_titles_desc":"","_seopress_robots_index":""},"product_brand":[3554],"product_cat":[1612,169,1455],"product_tag":[3266],"class_list":{"0":"post-465222","1":"product","2":"type-product","3":"status-publish","4":"has-post-thumbnail","6":"product_brand-stihl-de","7":"product_cat-kettensagen","8":"product_cat-maschinen","9":"product_cat-zubehor-und-verbrauchsmaterial-de","10":"product_tag-import-stihl-de","11":"sws-gruppo-macchinari-de","12":"sws-conto-ricavi-merci-rivendita-macchinari-de","13":"sws-gruppo-iva-iva81-de","15":"first","16":"onbackorder","17":"purchasable","18":"product-type-simple"},"_links":{"self":[{"href":"https:\/\/lucacastelli.com\/de\/wp-json\/wp\/v2\/product\/465222","targetHints":{"allow":["GET"]}}],"collection":[{"href":"https:\/\/lucacastelli.com\/de\/wp-json\/wp\/v2\/product"}],"about":[{"href":"https:\/\/lucacastelli.com\/de\/wp-json\/wp\/v2\/types\/product"}],"wp:featuredmedia":[{"embeddable":true,"href":"https:\/\/lucacastelli.com\/de\/wp-json\/wp\/v2\/media\/437751"}],"wp:attachment":[{"href":"https:\/\/lucacastelli.com\/de\/wp-json\/wp\/v2\/media?parent=465222"}],"wp:term":[{"taxonomy":"product_brand","embeddable":true,"href":"https:\/\/lucacastelli.com\/de\/wp-json\/wp\/v2\/product_brand?post=465222"},{"taxonomy":"product_cat","embeddable":true,"href":"https:\/\/lucacastelli.com\/de\/wp-json\/wp\/v2\/product_cat?post=465222"},{"taxonomy":"product_tag","embeddable":true,"href":"https:\/\/lucacastelli.com\/de\/wp-json\/wp\/v2\/product_tag?post=465222"}],"curies":[{"name":"wp","href":"https:\/\/api.w.org\/{rel}","templated":true}]}}