{"id":465213,"date":"2025-06-01T01:11:07","date_gmt":"2025-05-31T23:11:07","guid":{"rendered":"https:\/\/lucacastelli.com\/prodotto\/fg-3-schaerfer\/"},"modified":"2025-06-28T03:54:45","modified_gmt":"2025-06-28T01:54:45","slug":"fg-3-schaerfer","status":"publish","type":"product","link":"https:\/\/lucacastelli.com\/de\/produkt\/fg-3-schaerfer\/","title":{"rendered":"STIHL FG 3 Sch\u00e4rfer"},"content":{"rendered":"<p>Pr\u00e4ziser manueller Einf\u00e4dler. Zur Befestigung an der Schneidevorrichtung, ohne Feile oder Feilengriff.<br \/>\n795711135799 <\/p>\n","protected":false},"excerpt":{"rendered":"<p>FG 3 Sch\u00e4rfer<\/p>\n","protected":false},"featured_media":437746,"template":"","meta":{"_seopress_robots_primary_cat":"","_seopress_titles_title":"","_seopress_titles_desc":"","_seopress_robots_index":""},"product_brand":[3554],"product_cat":[1612,169,1455],"product_tag":[3266],"class_list":{"0":"post-465213","1":"product","2":"type-product","3":"status-publish","4":"has-post-thumbnail","6":"product_brand-stihl-de","7":"product_cat-kettensagen","8":"product_cat-maschinen","9":"product_cat-zubehor-und-verbrauchsmaterial-de","10":"product_tag-import-stihl-de","11":"sws-gruppo-macchinari-de","12":"sws-conto-ricavi-merci-rivendita-macchinari-de","13":"sws-gruppo-iva-iva81-de","15":"first","16":"onbackorder","17":"purchasable","18":"product-type-simple"},"_links":{"self":[{"href":"https:\/\/lucacastelli.com\/de\/wp-json\/wp\/v2\/product\/465213","targetHints":{"allow":["GET"]}}],"collection":[{"href":"https:\/\/lucacastelli.com\/de\/wp-json\/wp\/v2\/product"}],"about":[{"href":"https:\/\/lucacastelli.com\/de\/wp-json\/wp\/v2\/types\/product"}],"wp:featuredmedia":[{"embeddable":true,"href":"https:\/\/lucacastelli.com\/de\/wp-json\/wp\/v2\/media\/437746"}],"wp:attachment":[{"href":"https:\/\/lucacastelli.com\/de\/wp-json\/wp\/v2\/media?parent=465213"}],"wp:term":[{"taxonomy":"product_brand","embeddable":true,"href":"https:\/\/lucacastelli.com\/de\/wp-json\/wp\/v2\/product_brand?post=465213"},{"taxonomy":"product_cat","embeddable":true,"href":"https:\/\/lucacastelli.com\/de\/wp-json\/wp\/v2\/product_cat?post=465213"},{"taxonomy":"product_tag","embeddable":true,"href":"https:\/\/lucacastelli.com\/de\/wp-json\/wp\/v2\/product_tag?post=465213"}],"curies":[{"name":"wp","href":"https:\/\/api.w.org\/{rel}","templated":true}]}}