{"id":465198,"date":"2025-06-01T00:13:34","date_gmt":"2025-05-31T22:13:34","guid":{"rendered":"https:\/\/lucacastelli.com\/prodotto\/rollomatic-e-super-3-8-16-mm-50-cm\/"},"modified":"2025-07-19T17:38:21","modified_gmt":"2025-07-19T15:38:21","slug":"rollomatic-e-super-3-8-16-mm-50-cm","status":"publish","type":"product","link":"https:\/\/lucacastelli.com\/de\/produkt\/rollomatic-e-super-3-8-16-mm-50-cm\/","title":{"rendered":"STIHL Rollomatic-E Super, 3\/8&#8243;, 1,6 mm, 50 cm"},"content":{"rendered":"<p>Rollomatic-E Super F\u00fchrungsschiene, 50 cm. Mit austauschbarem Kopf. Ideal f\u00fcr Not-Kettens\u00e4gen<br \/>\n 046 RHD und MS 460.795711150815  <\/p>\n<p>Umlenkrolle Sternteilung 9,32 mm\/3\/8&#8243;<br \/>\n Rillenbreite Rillenbreite<\/p>\n<p>Anschlie\u00dfen der F\u00fchrungsschiene Anschlie\u00dfen der F\u00fchrungsschiene<br \/>\nLeitrolle Nummer 11<br \/>\nStangenl\u00e4nge 50cm\/20&#8243;<\/p>\n","protected":false},"excerpt":{"rendered":"<p>Rollomatic-E Super, 3\/8&#8243;, 1,6 mm, 50 cm<\/p>\n","protected":false},"featured_media":429625,"template":"","meta":{"_seopress_robots_primary_cat":"","_seopress_titles_title":"","_seopress_titles_desc":"","_seopress_robots_index":""},"product_brand":[3366],"product_cat":[29,268,524],"product_tag":[3265],"class_list":{"0":"post-465198","1":"product","2":"type-product","3":"status-publish","4":"has-post-thumbnail","6":"product_brand-stihl","7":"product_cat-macchinari","8":"product_cat-motoseghe","9":"product_cat-spranghe-guida","10":"product_tag-import-stihl","11":"sws-gruppo-macchinari-de","12":"sws-conto-ricavi-merci-rivendita-macchinari-de","13":"sws-gruppo-iva-iva81-de","15":"first","16":"onbackorder","17":"purchasable","18":"product-type-simple"},"_links":{"self":[{"href":"https:\/\/lucacastelli.com\/de\/wp-json\/wp\/v2\/product\/465198","targetHints":{"allow":["GET"]}}],"collection":[{"href":"https:\/\/lucacastelli.com\/de\/wp-json\/wp\/v2\/product"}],"about":[{"href":"https:\/\/lucacastelli.com\/de\/wp-json\/wp\/v2\/types\/product"}],"wp:featuredmedia":[{"embeddable":true,"href":"https:\/\/lucacastelli.com\/de\/wp-json\/wp\/v2\/media\/429625"}],"wp:attachment":[{"href":"https:\/\/lucacastelli.com\/de\/wp-json\/wp\/v2\/media?parent=465198"}],"wp:term":[{"taxonomy":"product_brand","embeddable":true,"href":"https:\/\/lucacastelli.com\/de\/wp-json\/wp\/v2\/product_brand?post=465198"},{"taxonomy":"product_cat","embeddable":true,"href":"https:\/\/lucacastelli.com\/de\/wp-json\/wp\/v2\/product_cat?post=465198"},{"taxonomy":"product_tag","embeddable":true,"href":"https:\/\/lucacastelli.com\/de\/wp-json\/wp\/v2\/product_tag?post=465198"}],"curies":[{"name":"wp","href":"https:\/\/api.w.org\/{rel}","templated":true}]}}