{"id":465191,"date":"2025-06-01T00:12:26","date_gmt":"2025-05-31T22:12:26","guid":{"rendered":"https:\/\/lucacastelli.com\/prodotto\/rollomatic-es-3-8-11-d-63cm\/"},"modified":"2025-06-28T19:46:15","modified_gmt":"2025-06-28T17:46:15","slug":"rollomatic-es-3-8-11-d-63cm","status":"publish","type":"product","link":"https:\/\/lucacastelli.com\/de\/produkt\/rollomatic-es-3-8-11-d-63cm\/","title":{"rendered":"STIHL Rollomatic ES, 3\/8&#8243;, 11 d, 63cm"},"content":{"rendered":"<p>Die STIHL Rollomatic ES (STIHL Ematic Super) besteht aus einem soliden und besonders steifen Korpus sowie einem voll austauschbaren Kopf. Er ist somit ma\u00dfgeschneidert f\u00fcr h\u00f6chste Anspr\u00fcche im professionellen Einsatz. Es wird haupts\u00e4chlich beim F\u00e4llen und Abl\u00e4ngen mit sehr leistungsstarken Kettens\u00e4gen eingesetzt. Schr\u00e4ge elliptische \u00d6lbohrungen erh\u00f6hen die Str\u00f6mungsgeschwindigkeit des Ketten\u00f6ls und sorgen f\u00fcr ein optimales Schmierverm\u00f6gen und eine l\u00e4ngere Lebensdauer der Schiene.<br \/>\n886661009213<\/p>\n<p>Umlenkrolle Sternteilung 9,32 mm\/3\/8&#8243;<br \/>\n Rillenbreite Rillenbreite<\/p>\n<p>Anschlie\u00dfen der F\u00fchrungsschiene Anschlie\u00dfen der F\u00fchrungsschiene<br \/>\nNummer 11<br \/>\nL\u00e4nge der Schiene 63cm\/25&#8243;<\/p>\n","protected":false},"excerpt":{"rendered":"<p>Rollomatic ES, 3\/8&#8243;, 11 d, 63cm<\/p>\n","protected":false},"featured_media":429625,"template":"","meta":{"_seopress_robots_primary_cat":"","_seopress_titles_title":"","_seopress_titles_desc":"","_seopress_robots_index":""},"product_brand":[3554],"product_cat":[169,1612,1618],"product_tag":[3266],"class_list":{"0":"post-465191","1":"product","2":"type-product","3":"status-publish","4":"has-post-thumbnail","6":"product_brand-stihl-de","7":"product_cat-maschinen","8":"product_cat-kettensagen","9":"product_cat-fuhrungsschienen","10":"product_tag-import-stihl-de","11":"sws-gruppo-macchinari-de","12":"sws-conto-ricavi-merci-rivendita-macchinari-de","13":"sws-gruppo-iva-iva81-de","15":"first","16":"onbackorder","17":"purchasable","18":"product-type-simple"},"_links":{"self":[{"href":"https:\/\/lucacastelli.com\/de\/wp-json\/wp\/v2\/product\/465191","targetHints":{"allow":["GET"]}}],"collection":[{"href":"https:\/\/lucacastelli.com\/de\/wp-json\/wp\/v2\/product"}],"about":[{"href":"https:\/\/lucacastelli.com\/de\/wp-json\/wp\/v2\/types\/product"}],"wp:featuredmedia":[{"embeddable":true,"href":"https:\/\/lucacastelli.com\/de\/wp-json\/wp\/v2\/media\/429625"}],"wp:attachment":[{"href":"https:\/\/lucacastelli.com\/de\/wp-json\/wp\/v2\/media?parent=465191"}],"wp:term":[{"taxonomy":"product_brand","embeddable":true,"href":"https:\/\/lucacastelli.com\/de\/wp-json\/wp\/v2\/product_brand?post=465191"},{"taxonomy":"product_cat","embeddable":true,"href":"https:\/\/lucacastelli.com\/de\/wp-json\/wp\/v2\/product_cat?post=465191"},{"taxonomy":"product_tag","embeddable":true,"href":"https:\/\/lucacastelli.com\/de\/wp-json\/wp\/v2\/product_tag?post=465191"}],"curies":[{"name":"wp","href":"https:\/\/api.w.org\/{rel}","templated":true}]}}