{"id":465179,"date":"2025-06-01T00:12:06","date_gmt":"2025-05-31T22:12:06","guid":{"rendered":"https:\/\/lucacastelli.com\/prodotto\/stihl-duromatic-e-50cm\/"},"modified":"2025-06-01T00:12:06","modified_gmt":"2025-05-31T22:12:06","slug":"stihl-duromatic-e-50cm","status":"publish","type":"product","link":"https:\/\/lucacastelli.com\/de\/produkt\/stihl-duromatic-e-50cm\/","title":{"rendered":"STIHL Duromatic E, 50cm"},"content":{"rendered":"<p>Die STIHL Duromatic E ist eine extrem robuste Integralschiene f\u00fcr die Arbeit mit Kettens\u00e4gen mittlerer und hoher Leistung. Der Korpus der Stange ist aus au\u00dferordentlich festem Vollstahl gefertigt. Die Spitze der Stange, die f\u00fcr hohe Beanspruchungen ausgelegt ist, ist durch eine Hartmetallbeschichtung gesch\u00fctzt.<br \/>\n795711100421  <\/p>\n<p>Nutbreite 1,6 mm\/.063&#8243;<br \/>\n F\u00fchrungsschiene Verbindung F\u00fchrungsschiene Verbindung<\/p>\n<p>L\u00e4nge des Stabes L\u00e4nge des Stabes<br \/>\nDicke des Stabes 1.391<\/p>\n","protected":false},"excerpt":{"rendered":"<p>STIHL Duromatic E, 50cm<\/p>\n","protected":false},"featured_media":429608,"template":"","meta":{"_seopress_robots_primary_cat":"","_seopress_titles_title":"","_seopress_titles_desc":"","_seopress_robots_index":""},"product_brand":[3366],"product_cat":[29,268,524],"product_tag":[3265],"class_list":{"0":"post-465179","1":"product","2":"type-product","3":"status-publish","4":"has-post-thumbnail","6":"product_brand-stihl","7":"product_cat-macchinari","8":"product_cat-motoseghe","9":"product_cat-spranghe-guida","10":"product_tag-import-stihl","11":"sws-gruppo-macchinari-de","12":"sws-conto-ricavi-merci-rivendita-macchinari-de","13":"sws-gruppo-iva-iva81-de","15":"first","16":"onbackorder","17":"purchasable","18":"product-type-simple"},"_links":{"self":[{"href":"https:\/\/lucacastelli.com\/de\/wp-json\/wp\/v2\/product\/465179","targetHints":{"allow":["GET"]}}],"collection":[{"href":"https:\/\/lucacastelli.com\/de\/wp-json\/wp\/v2\/product"}],"about":[{"href":"https:\/\/lucacastelli.com\/de\/wp-json\/wp\/v2\/types\/product"}],"wp:featuredmedia":[{"embeddable":true,"href":"https:\/\/lucacastelli.com\/de\/wp-json\/wp\/v2\/media\/429608"}],"wp:attachment":[{"href":"https:\/\/lucacastelli.com\/de\/wp-json\/wp\/v2\/media?parent=465179"}],"wp:term":[{"taxonomy":"product_brand","embeddable":true,"href":"https:\/\/lucacastelli.com\/de\/wp-json\/wp\/v2\/product_brand?post=465179"},{"taxonomy":"product_cat","embeddable":true,"href":"https:\/\/lucacastelli.com\/de\/wp-json\/wp\/v2\/product_cat?post=465179"},{"taxonomy":"product_tag","embeddable":true,"href":"https:\/\/lucacastelli.com\/de\/wp-json\/wp\/v2\/product_tag?post=465179"}],"curies":[{"name":"wp","href":"https:\/\/api.w.org\/{rel}","templated":true}]}}