{"id":465174,"date":"2025-06-01T00:11:26","date_gmt":"2025-05-31T22:11:26","guid":{"rendered":"https:\/\/lucacastelli.com\/prodotto\/rollomatic-e-325-40cm\/"},"modified":"2025-06-28T19:46:06","modified_gmt":"2025-06-28T17:46:06","slug":"rollomatic-e-325-40cm","status":"publish","type":"product","link":"https:\/\/lucacastelli.com\/de\/produkt\/rollomatic-e-325-40cm\/","title":{"rendered":"STIHL Rollomatic E, .325&#8243;, 40cm"},"content":{"rendered":"<p>Der Korpus der STIHL Rollomatic E besteht aus drei elektrogeschwei\u00dften Metallstangen, deren Mitte weitgehend ausgeh\u00f6hlt ist. Der Vorteil: gro\u00dfe Stabilit\u00e4t bei geringem Gewicht. Um das breite Spektrum der Anwendungsanforderungen abzudecken, werden STIHL Rollomatic E Stangen mit zwei unterschiedlichen Kopfgr\u00f6\u00dfen (Umlenksternen) gefertigt.<br \/>\n795711038519<\/p>\n<p>Umlenkrollen-Sternteilung 8,25 mm\/.325&#8243;<br \/>\n Rillenbreite Rillenbreite<\/p>\n<p>Anschlie\u00dfen der F\u00fchrungsschiene Anschlie\u00dfen der F\u00fchrungsschiene<br \/>\nNummer 11<br \/>\nL\u00e4nge der Schiene 40cm\/16&#8243;<\/p>\n","protected":false},"excerpt":{"rendered":"<p>Rollomatic E, .325&#8243;, 40cm<\/p>\n","protected":false},"featured_media":429488,"template":"","meta":{"_seopress_robots_primary_cat":"","_seopress_titles_title":"","_seopress_titles_desc":"","_seopress_robots_index":""},"product_brand":[3554],"product_cat":[1618,1612,169],"product_tag":[3266],"class_list":{"0":"post-465174","1":"product","2":"type-product","3":"status-publish","4":"has-post-thumbnail","6":"product_brand-stihl-de","7":"product_cat-fuhrungsschienen","8":"product_cat-kettensagen","9":"product_cat-maschinen","10":"product_tag-import-stihl-de","11":"sws-gruppo-macchinari-de","12":"sws-conto-ricavi-merci-rivendita-macchinari-de","13":"sws-gruppo-iva-iva81-de","15":"first","16":"onbackorder","17":"purchasable","18":"product-type-simple"},"_links":{"self":[{"href":"https:\/\/lucacastelli.com\/de\/wp-json\/wp\/v2\/product\/465174","targetHints":{"allow":["GET"]}}],"collection":[{"href":"https:\/\/lucacastelli.com\/de\/wp-json\/wp\/v2\/product"}],"about":[{"href":"https:\/\/lucacastelli.com\/de\/wp-json\/wp\/v2\/types\/product"}],"wp:featuredmedia":[{"embeddable":true,"href":"https:\/\/lucacastelli.com\/de\/wp-json\/wp\/v2\/media\/429488"}],"wp:attachment":[{"href":"https:\/\/lucacastelli.com\/de\/wp-json\/wp\/v2\/media?parent=465174"}],"wp:term":[{"taxonomy":"product_brand","embeddable":true,"href":"https:\/\/lucacastelli.com\/de\/wp-json\/wp\/v2\/product_brand?post=465174"},{"taxonomy":"product_cat","embeddable":true,"href":"https:\/\/lucacastelli.com\/de\/wp-json\/wp\/v2\/product_cat?post=465174"},{"taxonomy":"product_tag","embeddable":true,"href":"https:\/\/lucacastelli.com\/de\/wp-json\/wp\/v2\/product_tag?post=465174"}],"curies":[{"name":"wp","href":"https:\/\/api.w.org\/{rel}","templated":true}]}}