{"id":465162,"date":"2025-06-01T00:10:32","date_gmt":"2025-05-31T22:10:32","guid":{"rendered":"https:\/\/lucacastelli.com\/prodotto\/rollomatic-e-3-8-d-32cm\/"},"modified":"2025-06-28T19:46:05","modified_gmt":"2025-06-28T17:46:05","slug":"rollomatic-e-3-8-d-32cm","status":"publish","type":"product","link":"https:\/\/lucacastelli.com\/de\/produkt\/rollomatic-e-3-8-d-32cm\/","title":{"rendered":"STIHL Rollomatic E, 3\/8&#8243; D, 32cm"},"content":{"rendered":"<p>Der Korpus dieser Stange besteht aus drei elektrogeschwei\u00dften Metallplatten, von denen die mittlere weitgehend ausgeh\u00f6hlt ist. Der Vorteil: gro\u00dfe Stabilit\u00e4t bei geringem Gewicht. Um das breite Spektrum der Anwendungsanforderungen abzudecken, werden Rollomatic E-Stangen mit zwei verschiedenen Kopfgr\u00f6\u00dfen (Leerlaufsternen) hergestellt.<br \/>\n795711038472  <\/p>\n<p>Leitrollenraster 9,32 mm\/3\/8&#8243; P<br \/>\nRillenbreite Rillenbreite<\/p>\n<p>Anschlie\u00dfen der F\u00fchrungsschiene Anschlie\u00dfen der F\u00fchrungsschiene<br \/>\nLeitrolle Nummer 9<br \/>\nL\u00e4nge der Schiene 32cm\/13&#8243;<\/p>\n","protected":false},"excerpt":{"rendered":"<p>Rollomatic E, 3\/8&#8243; D, 32cm<\/p>\n","protected":false},"featured_media":429488,"template":"","meta":{"_seopress_robots_primary_cat":"","_seopress_titles_title":"","_seopress_titles_desc":"","_seopress_robots_index":""},"product_brand":[3366],"product_cat":[29,268,524],"product_tag":[3265],"class_list":{"0":"post-465162","1":"product","2":"type-product","3":"status-publish","4":"has-post-thumbnail","6":"product_brand-stihl","7":"product_cat-macchinari","8":"product_cat-motoseghe","9":"product_cat-spranghe-guida","10":"product_tag-import-stihl","11":"sws-gruppo-macchinari-de","12":"sws-conto-ricavi-merci-rivendita-macchinari-de","13":"sws-gruppo-iva-iva81-de","15":"first","16":"onbackorder","17":"purchasable","18":"product-type-simple"},"_links":{"self":[{"href":"https:\/\/lucacastelli.com\/de\/wp-json\/wp\/v2\/product\/465162","targetHints":{"allow":["GET"]}}],"collection":[{"href":"https:\/\/lucacastelli.com\/de\/wp-json\/wp\/v2\/product"}],"about":[{"href":"https:\/\/lucacastelli.com\/de\/wp-json\/wp\/v2\/types\/product"}],"wp:featuredmedia":[{"embeddable":true,"href":"https:\/\/lucacastelli.com\/de\/wp-json\/wp\/v2\/media\/429488"}],"wp:attachment":[{"href":"https:\/\/lucacastelli.com\/de\/wp-json\/wp\/v2\/media?parent=465162"}],"wp:term":[{"taxonomy":"product_brand","embeddable":true,"href":"https:\/\/lucacastelli.com\/de\/wp-json\/wp\/v2\/product_brand?post=465162"},{"taxonomy":"product_cat","embeddable":true,"href":"https:\/\/lucacastelli.com\/de\/wp-json\/wp\/v2\/product_cat?post=465162"},{"taxonomy":"product_tag","embeddable":true,"href":"https:\/\/lucacastelli.com\/de\/wp-json\/wp\/v2\/product_tag?post=465162"}],"curies":[{"name":"wp","href":"https:\/\/api.w.org\/{rel}","templated":true}]}}