{"id":465138,"date":"2025-06-01T00:06:54","date_gmt":"2025-05-31T22:06:54","guid":{"rendered":"https:\/\/lucacastelli.com\/prodotto\/diamant-kette-36-gbe-40-cm\/"},"modified":"2025-06-28T19:45:11","modified_gmt":"2025-06-28T17:45:11","slug":"diamant-kette-36-gbe-40-cm","status":"publish","type":"product","link":"https:\/\/lucacastelli.com\/de\/produkt\/diamant-kette-36-gbe-40-cm\/","title":{"rendered":"STIHL Diamant Kette 36 GBE, 40 cm"},"content":{"rendered":"<p>Basiskette f\u00fcr schnelles Nassschneiden mit geringen Vibrationen. Besonders geeignet f\u00fcr abrasive Baustoffe wie Ziegel und Kalksandsteine, vorgesch\u00e4rfte Diamantsegmente, mit LowStretch-Technologie.<br \/>\n886661115792 <\/p>\n<p>Stangenl\u00e4nge 40cm\/16&#8243;<br \/>\n Kettenteilung Kettenteilung<\/p>\n<p>Dicke der F\u00fchrungsglieder Dicke der F\u00fchrungsglieder Anzahl der Z\u00e4hne der<br \/>\nKettenspule 1 8<br \/>\nAnzahl der F\u00fchrungsglieder 64 Tg<\/p>\n","protected":false},"excerpt":{"rendered":"<p>Diamant Kette 36 GBE, 40 cm<\/p>\n","protected":false},"featured_media":429656,"template":"","meta":{"_seopress_robots_primary_cat":"","_seopress_titles_title":"","_seopress_titles_desc":"","_seopress_robots_index":""},"product_brand":[3366],"product_cat":[29,268,504],"product_tag":[3265],"class_list":{"0":"post-465138","1":"product","2":"type-product","3":"status-publish","4":"has-post-thumbnail","6":"product_brand-stihl","7":"product_cat-macchinari","8":"product_cat-motoseghe","9":"product_cat-catene-e-rotoli","10":"product_tag-import-stihl","11":"sws-gruppo-macchinari-de","12":"sws-conto-ricavi-merci-rivendita-macchinari-de","13":"sws-gruppo-iva-iva81-de","15":"first","16":"onbackorder","17":"purchasable","18":"product-type-simple"},"_links":{"self":[{"href":"https:\/\/lucacastelli.com\/de\/wp-json\/wp\/v2\/product\/465138","targetHints":{"allow":["GET"]}}],"collection":[{"href":"https:\/\/lucacastelli.com\/de\/wp-json\/wp\/v2\/product"}],"about":[{"href":"https:\/\/lucacastelli.com\/de\/wp-json\/wp\/v2\/types\/product"}],"wp:featuredmedia":[{"embeddable":true,"href":"https:\/\/lucacastelli.com\/de\/wp-json\/wp\/v2\/media\/429656"}],"wp:attachment":[{"href":"https:\/\/lucacastelli.com\/de\/wp-json\/wp\/v2\/media?parent=465138"}],"wp:term":[{"taxonomy":"product_brand","embeddable":true,"href":"https:\/\/lucacastelli.com\/de\/wp-json\/wp\/v2\/product_brand?post=465138"},{"taxonomy":"product_cat","embeddable":true,"href":"https:\/\/lucacastelli.com\/de\/wp-json\/wp\/v2\/product_cat?post=465138"},{"taxonomy":"product_tag","embeddable":true,"href":"https:\/\/lucacastelli.com\/de\/wp-json\/wp\/v2\/product_tag?post=465138"}],"curies":[{"name":"wp","href":"https:\/\/api.w.org\/{rel}","templated":true}]}}