{"id":465133,"date":"2025-06-01T00:06:46","date_gmt":"2025-05-31T22:06:46","guid":{"rendered":"https:\/\/lucacastelli.com\/prodotto\/rueckenlehnen-sl-63-cm-25-1-6mm-0-063-3-8\/"},"modified":"2025-06-28T19:45:05","modified_gmt":"2025-06-28T17:45:05","slug":"rueckenlehnen-sl-63-cm-25-1-6mm-0-063-3-8","status":"publish","type":"product","link":"https:\/\/lucacastelli.com\/de\/produkt\/rueckenlehnen-sl-63-cm-25-1-6mm-0-063-3-8\/","title":{"rendered":"STIHL R\u00fcckenlehnen SL 63 cm\/25&#8243; 1.6MM\/0.063&#8243; 3\/8&#8243;"},"content":{"rendered":"<p>Die STIHL E Light und ES Light Bars unterscheiden sich in der Art des Aufbaus. Beim E Light werden die elektrogeschwei\u00dften Metallplatten weitestgehend ausgeh\u00f6hlt und mit glasfaserverst\u00e4rktem Polyamid bespritzt. Dadurch werden die Stangen besonders stabil und gleichzeitig ihr Gewicht deutlich reduziert. Bei der ES Light werden die Hohlk\u00f6rper gefr\u00e4st und anschlie\u00dfend mit einem speziellen Laserverfahren verschwei\u00dft. Daraus ergibt sich ein sehr stabiler Hohlk\u00f6rper mit einer elastischen unteren und oberen Flexstruktur. Die beiden Strukturen sorgen f\u00fcr interessante Gewichtsreduzierungen und eine bessere Balance der Kettens\u00e4ge.<br \/>\n886661211159<\/p>\n<p>Umlenkrolle Sternteilung 9,32 mm\/3\/8&#8243;<br \/>\n Rillenbreite Rillenbreite<\/p>\n<p>Anschlie\u00dfen der F\u00fchrungsschiene Anschlie\u00dfen der F\u00fchrungsschiene<br \/>\nNummer 11<br \/>\nL\u00e4nge der Schiene 63cm\/25&#8243;<\/p>\n","protected":false},"excerpt":{"rendered":"<p>R\u00fcckenlehnen SL 63 cm\/25&#8243; 1.6MM\/0.063&#8243; 3\/8&#8243;<\/p>\n","protected":false},"featured_media":429660,"template":"","meta":{"_seopress_robots_primary_cat":"","_seopress_titles_title":"","_seopress_titles_desc":"","_seopress_robots_index":""},"product_brand":[3366],"product_cat":[29,268,524],"product_tag":[3265],"class_list":{"0":"post-465133","1":"product","2":"type-product","3":"status-publish","4":"has-post-thumbnail","6":"product_brand-stihl","7":"product_cat-macchinari","8":"product_cat-motoseghe","9":"product_cat-spranghe-guida","10":"product_tag-import-stihl","11":"sws-gruppo-macchinari-de","12":"sws-conto-ricavi-merci-rivendita-macchinari-de","13":"sws-gruppo-iva-iva81-de","15":"first","16":"onbackorder","17":"purchasable","18":"product-type-simple"},"_links":{"self":[{"href":"https:\/\/lucacastelli.com\/de\/wp-json\/wp\/v2\/product\/465133","targetHints":{"allow":["GET"]}}],"collection":[{"href":"https:\/\/lucacastelli.com\/de\/wp-json\/wp\/v2\/product"}],"about":[{"href":"https:\/\/lucacastelli.com\/de\/wp-json\/wp\/v2\/types\/product"}],"wp:featuredmedia":[{"embeddable":true,"href":"https:\/\/lucacastelli.com\/de\/wp-json\/wp\/v2\/media\/429660"}],"wp:attachment":[{"href":"https:\/\/lucacastelli.com\/de\/wp-json\/wp\/v2\/media?parent=465133"}],"wp:term":[{"taxonomy":"product_brand","embeddable":true,"href":"https:\/\/lucacastelli.com\/de\/wp-json\/wp\/v2\/product_brand?post=465133"},{"taxonomy":"product_cat","embeddable":true,"href":"https:\/\/lucacastelli.com\/de\/wp-json\/wp\/v2\/product_cat?post=465133"},{"taxonomy":"product_tag","embeddable":true,"href":"https:\/\/lucacastelli.com\/de\/wp-json\/wp\/v2\/product_tag?post=465133"}],"curies":[{"name":"wp","href":"https:\/\/api.w.org\/{rel}","templated":true}]}}