{"id":465130,"date":"2025-06-01T00:06:33","date_gmt":"2025-05-31T22:06:33","guid":{"rendered":"https:\/\/lucacastelli.com\/prodotto\/diamant-schneidkette-36-gbm\/"},"modified":"2025-06-28T19:44:57","modified_gmt":"2025-06-28T17:44:57","slug":"diamant-schneidkette-36-gbm","status":"publish","type":"product","link":"https:\/\/lucacastelli.com\/de\/produkt\/diamant-schneidkette-36-gbm\/","title":{"rendered":"STIHL Diamant-Schneidkette 36 GBM"},"content":{"rendered":"<p>Zum schnellen und vibrationsarmen Nassschneiden von Beton und Hartgestein, geeignet mit Einschr\u00e4nkungen f\u00fcr Ziegel und Rohre aus duktilem Gusseisen, vorgesch\u00e4rfte Diamantsegmente, mit LowStretch-Technologie.<\/p>\n<p>886661008674 L\u00e4nge der Schiene 40cm\/16&#8243; Kettenteilung<br \/>\n Kettenteilung<\/p>\n<p>Dicke der F\u00fchrungsglieder Dicke der F\u00fchrungsglieder Anzahl der Z\u00e4hne der<br \/>\nKettenspule 1 8<\/p>\n","protected":false},"excerpt":{"rendered":"<p>Diamant-Schneidkette 36 GBM<\/p>\n","protected":false},"featured_media":429656,"template":"","meta":{"_seopress_robots_primary_cat":"","_seopress_titles_title":"","_seopress_titles_desc":"","_seopress_robots_index":""},"product_brand":[3366],"product_cat":[29,268,504],"product_tag":[3265],"class_list":{"0":"post-465130","1":"product","2":"type-product","3":"status-publish","4":"has-post-thumbnail","6":"product_brand-stihl","7":"product_cat-macchinari","8":"product_cat-motoseghe","9":"product_cat-catene-e-rotoli","10":"product_tag-import-stihl","11":"sws-gruppo-macchinari-de","12":"sws-conto-ricavi-merci-rivendita-macchinari-de","13":"sws-gruppo-iva-iva81-de","15":"first","16":"onbackorder","17":"product-type-simple"},"_links":{"self":[{"href":"https:\/\/lucacastelli.com\/de\/wp-json\/wp\/v2\/product\/465130","targetHints":{"allow":["GET"]}}],"collection":[{"href":"https:\/\/lucacastelli.com\/de\/wp-json\/wp\/v2\/product"}],"about":[{"href":"https:\/\/lucacastelli.com\/de\/wp-json\/wp\/v2\/types\/product"}],"wp:featuredmedia":[{"embeddable":true,"href":"https:\/\/lucacastelli.com\/de\/wp-json\/wp\/v2\/media\/429656"}],"wp:attachment":[{"href":"https:\/\/lucacastelli.com\/de\/wp-json\/wp\/v2\/media?parent=465130"}],"wp:term":[{"taxonomy":"product_brand","embeddable":true,"href":"https:\/\/lucacastelli.com\/de\/wp-json\/wp\/v2\/product_brand?post=465130"},{"taxonomy":"product_cat","embeddable":true,"href":"https:\/\/lucacastelli.com\/de\/wp-json\/wp\/v2\/product_cat?post=465130"},{"taxonomy":"product_tag","embeddable":true,"href":"https:\/\/lucacastelli.com\/de\/wp-json\/wp\/v2\/product_tag?post=465130"}],"curies":[{"name":"wp","href":"https:\/\/api.w.org\/{rel}","templated":true}]}}