{"id":465118,"date":"2025-06-01T00:05:55","date_gmt":"2025-05-31T22:05:55","guid":{"rendered":"https:\/\/lucacastelli.com\/prodotto\/stihl-rollomatic-es-404-12-d-90cm\/"},"modified":"2026-03-09T00:37:11","modified_gmt":"2026-03-08T23:37:11","slug":"stihl-rollomatic-es-404-12-d-90cm","status":"publish","type":"product","link":"https:\/\/lucacastelli.com\/de\/produkt\/stihl-rollomatic-es-404-12-d-90cm\/","title":{"rendered":"STIHL Rollomatic ES, .404&#8243;, 12 Z, 90 cm"},"content":{"rendered":"<p>Die STIHL Rollomatic ES Schiene (STIHL Ematic Super) besteht aus einem massiven und besonders steifen K\u00f6rper sowie einem vollst\u00e4ndig austauschbaren Kopf. Sie ist daher f\u00fcr h\u00f6chste Anspr\u00fcche im professionellen Einsatz konzipiert und wird vor allem bei F\u00e4llarbeiten und beim Abl\u00e4ngen mit leistungsstarken Motors\u00e4gen eingesetzt. Schr\u00e4ge, elliptisch geformte Nuten erh\u00f6hen die Flie\u00dfgeschwindigkeit des Hafts\u00e4geketten\u00f6ls und garantieren eine optimale Schmierung und eine verl\u00e4ngerte Lebensdauer der F\u00fchrungsschiene. Schr\u00e4ge, elliptisch geformte \u00d6lbohrungen erh\u00f6hen die Flie\u00dfgeschwindigkeit des Ketten\u00f6ls und garantieren eine optimale Schmierf\u00e4higkeit und eine l\u00e4ngere Lebensdauer der Schiene.<br \/>\n795711038236<\/p>\n<p>Teilung Kettenrad 10,26 mm\/.404&#8243;<br \/>\nNutenbreite Nutenbreite<\/p>\n<p>Anschluss der F\u00fchrungsschiene Anschluss der F\u00fchrungsschiene<br \/>\nAnzahl Z\u00e4hne Kettenrad 12<br \/>\nSchienenl\u00e4nge 90 cm\/36&#8243;<\/p>\n","protected":false},"excerpt":{"rendered":"<p>STIHL Rollomatic ES, .404&#8243;, 12 Z, 90 cm<\/p>\n","protected":false},"featured_media":429625,"template":"","meta":{"_seopress_robots_primary_cat":"","_seopress_titles_title":"","_seopress_titles_desc":"","_seopress_robots_index":""},"product_brand":[3366],"product_cat":[29,268,524],"product_tag":[3265],"class_list":{"0":"post-465118","1":"product","2":"type-product","3":"status-publish","4":"has-post-thumbnail","6":"product_brand-stihl","7":"product_cat-macchinari","8":"product_cat-motoseghe","9":"product_cat-spranghe-guida","10":"product_tag-import-stihl","11":"sws-gruppo-macchinari-de","12":"sws-conto-ricavi-merci-rivendita-macchinari-de","13":"sws-gruppo-iva-iva81-de","15":"first","16":"onbackorder","17":"purchasable","18":"product-type-simple"},"_links":{"self":[{"href":"https:\/\/lucacastelli.com\/de\/wp-json\/wp\/v2\/product\/465118","targetHints":{"allow":["GET"]}}],"collection":[{"href":"https:\/\/lucacastelli.com\/de\/wp-json\/wp\/v2\/product"}],"about":[{"href":"https:\/\/lucacastelli.com\/de\/wp-json\/wp\/v2\/types\/product"}],"wp:featuredmedia":[{"embeddable":true,"href":"https:\/\/lucacastelli.com\/de\/wp-json\/wp\/v2\/media\/429625"}],"wp:attachment":[{"href":"https:\/\/lucacastelli.com\/de\/wp-json\/wp\/v2\/media?parent=465118"}],"wp:term":[{"taxonomy":"product_brand","embeddable":true,"href":"https:\/\/lucacastelli.com\/de\/wp-json\/wp\/v2\/product_brand?post=465118"},{"taxonomy":"product_cat","embeddable":true,"href":"https:\/\/lucacastelli.com\/de\/wp-json\/wp\/v2\/product_cat?post=465118"},{"taxonomy":"product_tag","embeddable":true,"href":"https:\/\/lucacastelli.com\/de\/wp-json\/wp\/v2\/product_tag?post=465118"}],"curies":[{"name":"wp","href":"https:\/\/api.w.org\/{rel}","templated":true}]}}