{"id":465046,"date":"2025-05-31T22:14:27","date_gmt":"2025-05-31T20:14:27","guid":{"rendered":"https:\/\/lucacastelli.com\/prodotto\/msa-220-tc-o-35cm-ohne-akku-und-ladegeraet\/"},"modified":"2025-10-31T10:30:37","modified_gmt":"2025-10-31T09:30:37","slug":"msa-220-tc-o-35cm-ohne-akku-und-ladegeraet","status":"publish","type":"product","link":"https:\/\/lucacastelli.com\/de\/produkt\/msa-220-tc-o-35cm-ohne-akku-und-ladegeraet\/","title":{"rendered":"STIHL MSA 220 TC-O, 35cm, ohne Akku und Ladeger\u00e4t"},"content":{"rendered":"<p>Die Akku-Kettens\u00e4ge STIHL MSA 220 TC-O bietet eine hohe Schnittleistung und viel Komfort bei der Baumpflege, im Garten- und Landschaftsbau und auch bei kommunalen Verwaltungen. In der Baumpflege zeichnet sich die leistungsstarke Akku-Kettens\u00e4ge STIHL MSA 220 TC-O durch ihre Leistungsf\u00e4higkeit aus; starkMotor EC\/stark. In Kombination mit dem leistungsstarken Akkunbsp; strongSTIHL AP 300 S\/strong erhalten Sie eine besonders hohe Schnittleistung.nbsp;\/ppDer \u00d6lsensor, der kontinuierlich die Menge an Schmier\u00f6l in der Kette misst, hilft Ihnen dabei, effizient zu arbeiten. Im Falle einer \u00d6lknappheit werden Sie \u00fcber eine \u00d6lknappheit benachrichtigt; starkdie LED-Anzeige \/ stark. Um pr\u00e4zise Schnitte mit Leichtigkeit zu machen, unterst\u00fctzt Sie der an der L\u00fcfter- und Antriebsseite montierte Reduzierbalken.\/ppDie Bedienung ist dank der elektronischen Steuerung mit Status-LEDs besonders intuitiv. Diese unterst\u00fctzt auch die mechanische Kettenbremse, die ebenfalls \u00fcber Status-LEDs verf\u00fcgt. In einem Cockpit mit 180\u00b0-Display sind die LEDs gruppiert, sodass Sie immer schnell \u00fcber den Status Ihrer Baumpflege-Kettens\u00e4ge informiert sind.\/ppFolgende Features unterst\u00fctzen ein besonders effizientes Arbeiten mit dieser Akku-Kettens\u00e4ge MSA 220 TC-O:\/pulliDie Kettens\u00e4ge wird \u00fcber die stabile Klaue am Holz befestigt; mit Metallz\u00e4hnen, mit denen Sie m\u00fchelos pr\u00e4zise Schnitte ausf\u00fchren k\u00f6nnen. Zudem kann der Zahnhalter schnell ausgetauscht werden.\/liliDie K\u00fchlluft wird durch einen Vliesfilter gereinigt und sch\u00fctzt so langfristig die Elektronik und die Motorteile. Der K\u00fchlluftfilter kann schnell und effektiv gereinigt werden.\/liliBei intensiver Nutzung oder schwacher Batterie reduziert die Leistungselektronik automatisch den Strom und damit das Drehmoment durch ein De-Rating. So k\u00f6nnen Sie einen Schnitt fertigstellen, w\u00e4hrend andere S\u00e4gen in einer vergleichbaren Situation bereits stillstehen w\u00fcrden.\/liliHinweis: STIHL empfiehlt olionbsp; Schmiermittel BSP; f\u00fcr Ketten; starkSTIHL BioPlus\/stark. Es k\u00f6nnen auch andere durchsichtige Kettenschmier\u00f6le auf pflanzlicher oder mineralischer Basis verwendet werden.\/li\/ulpAlle delnbsp batteriebetriebenen Ger\u00e4te; strongsystem STIHL AP\/strongnbsp; Sie sind f\u00fcr professionelle Anwender und f\u00fcr den t\u00e4glichen Gebrauch auch bei widrigen Wetterbedingungen konzipiert. Die Ger\u00e4te verf\u00fcgen zudem \u00fcber einen in internen Tests nachgewiesenen Spritzwasserschutz. Bei der STIHL MSA 220 T wurde der Spritzwasserschutz, der sich bereits in internen Tests bew\u00e4hrt hat, zus\u00e4tzlich nach Schutzklasse IPX4 zertifiziert.\/ppACHTUNG: Diese spezielle Kettens\u00e4ge ist nur f\u00fcr in der Baumpflege geschulte Anwender gedacht. Die Verwendung ohne entsprechende Schulung kann zu schweren Verletzungen f\u00fchren.\/p<br \/>\n886661714599<\/p>\n<p>Nennspannung 36<br \/>\nLeistungsaufnahme Leistungsaufnahme<\/p>\n<p>Power Power<br \/>\nBatteriesystem AP<br \/>\nEmpfohlene Batterie AP 200 S, AP 300 S<\/p>\n","protected":false},"excerpt":{"rendered":"<p>Die Akku-Kettens\u00e4ge STIHL MSA 220 TC-O bietet eine hohe Schnittleistung und viel Komfort bei der Baumpflege, im Garten- und Landschaftsbau<\/p>\n","protected":false},"featured_media":437019,"template":"","meta":{"_seopress_robots_primary_cat":"","_seopress_titles_title":"","_seopress_titles_desc":"","_seopress_robots_index":""},"product_brand":[3366],"product_cat":[29,268,528],"product_tag":[3265],"class_list":{"0":"post-465046","1":"product","2":"type-product","3":"status-publish","4":"has-post-thumbnail","6":"product_brand-stihl","7":"product_cat-macchinari","8":"product_cat-motoseghe","9":"product_cat-motoseghe-a-batteria","10":"product_tag-import-stihl","11":"sws-gruppo-macchinari-de","12":"sws-conto-ricavi-merci-rivendita-macchinari-de","13":"sws-gruppo-iva-iva81-de","15":"first","16":"onbackorder","17":"purchasable","18":"product-type-simple"},"_links":{"self":[{"href":"https:\/\/lucacastelli.com\/de\/wp-json\/wp\/v2\/product\/465046","targetHints":{"allow":["GET"]}}],"collection":[{"href":"https:\/\/lucacastelli.com\/de\/wp-json\/wp\/v2\/product"}],"about":[{"href":"https:\/\/lucacastelli.com\/de\/wp-json\/wp\/v2\/types\/product"}],"wp:featuredmedia":[{"embeddable":true,"href":"https:\/\/lucacastelli.com\/de\/wp-json\/wp\/v2\/media\/437019"}],"wp:attachment":[{"href":"https:\/\/lucacastelli.com\/de\/wp-json\/wp\/v2\/media?parent=465046"}],"wp:term":[{"taxonomy":"product_brand","embeddable":true,"href":"https:\/\/lucacastelli.com\/de\/wp-json\/wp\/v2\/product_brand?post=465046"},{"taxonomy":"product_cat","embeddable":true,"href":"https:\/\/lucacastelli.com\/de\/wp-json\/wp\/v2\/product_cat?post=465046"},{"taxonomy":"product_tag","embeddable":true,"href":"https:\/\/lucacastelli.com\/de\/wp-json\/wp\/v2\/product_tag?post=465046"}],"curies":[{"name":"wp","href":"https:\/\/api.w.org\/{rel}","templated":true}]}}