{"id":465044,"date":"2025-05-31T22:14:26","date_gmt":"2025-05-31T20:14:26","guid":{"rendered":"https:\/\/lucacastelli.com\/prodotto\/gta-40-ohne-akku-und-ladegeraet\/"},"modified":"2025-06-29T13:44:23","modified_gmt":"2025-06-29T11:44:23","slug":"gta-40-ohne-akku-und-ladegeraet","status":"publish","type":"product","link":"https:\/\/lucacastelli.com\/de\/produkt\/gta-40-ohne-akku-und-ladegeraet\/","title":{"rendered":"STIHL GTA 40, ohne Akku und Ladeger\u00e4t"},"content":{"rendered":"<p>Der Akku-Hochentaster STIHL GTA 40 ist ideal f\u00fcr die Baum- und Holzpflege, f\u00fcr professionelle Arbeiten im Garten- und Landschaftsbau sowie f\u00fcr die Verarbeitung von Holz und holz\u00e4hnlichen Materialien auf Baustellen. Der STIHL GTA 40 kann auch von erfahrenen Baumpflegern verwendet werden, um Schnitte in das Kronendach stehender B\u00e4ume vorzunehmen. Ganz gleich, ob f\u00fcr die Baumpflege in Parks und G\u00e4rten, f\u00fcr Kronenkorrekturen oder beim Bau von Trockenmauern, Innenausbau oder Dacharbeiten: Der GTA 40 \u00fcberzeugt durch seine kompakte Bauweise, geringes Gewicht.<br \/>\n795711948504  <\/p>\n<p>Nennspannung 22<br \/>\nLeistungsaufnahme Leistungsaufnahme<\/p>\n<p>Power Power<br \/>\nBatteriesystem AS<br \/>\nGer\u00e4tegewicht 1,4<\/p>\n","protected":false},"excerpt":{"rendered":"<p>Der Akku-Hochentaster STIHL GTA 40 ist ideal f\u00fcr die Baum- und Holzpflege, f\u00fcr professionelle Arbeiten im Garten- und Landschaftsbau sowie<\/p>\n","protected":false},"featured_media":436993,"template":"","meta":{"_seopress_robots_primary_cat":"","_seopress_titles_title":"","_seopress_titles_desc":"","_seopress_robots_index":""},"product_brand":[3366],"product_cat":[29,268,528],"product_tag":[3265],"class_list":{"0":"post-465044","1":"product","2":"type-product","3":"status-publish","4":"has-post-thumbnail","6":"product_brand-stihl","7":"product_cat-macchinari","8":"product_cat-motoseghe","9":"product_cat-motoseghe-a-batteria","10":"product_tag-import-stihl","11":"sws-gruppo-macchinari-de","12":"sws-conto-ricavi-merci-rivendita-macchinari-de","13":"sws-gruppo-iva-iva81-de","15":"first","16":"onbackorder","17":"purchasable","18":"product-type-simple"},"_links":{"self":[{"href":"https:\/\/lucacastelli.com\/de\/wp-json\/wp\/v2\/product\/465044","targetHints":{"allow":["GET"]}}],"collection":[{"href":"https:\/\/lucacastelli.com\/de\/wp-json\/wp\/v2\/product"}],"about":[{"href":"https:\/\/lucacastelli.com\/de\/wp-json\/wp\/v2\/types\/product"}],"wp:featuredmedia":[{"embeddable":true,"href":"https:\/\/lucacastelli.com\/de\/wp-json\/wp\/v2\/media\/436993"}],"wp:attachment":[{"href":"https:\/\/lucacastelli.com\/de\/wp-json\/wp\/v2\/media?parent=465044"}],"wp:term":[{"taxonomy":"product_brand","embeddable":true,"href":"https:\/\/lucacastelli.com\/de\/wp-json\/wp\/v2\/product_brand?post=465044"},{"taxonomy":"product_cat","embeddable":true,"href":"https:\/\/lucacastelli.com\/de\/wp-json\/wp\/v2\/product_cat?post=465044"},{"taxonomy":"product_tag","embeddable":true,"href":"https:\/\/lucacastelli.com\/de\/wp-json\/wp\/v2\/product_tag?post=465044"}],"curies":[{"name":"wp","href":"https:\/\/api.w.org\/{rel}","templated":true}]}}