{"id":465038,"date":"2025-05-31T21:56:44","date_gmt":"2025-05-31T19:56:44","guid":{"rendered":"https:\/\/lucacastelli.com\/prodotto\/gta-26-verlaengerungskabel\/"},"modified":"2025-10-16T10:07:45","modified_gmt":"2025-10-16T08:07:45","slug":"gta-26-verlaengerungskabel","status":"publish","type":"product","link":"https:\/\/lucacastelli.com\/de\/produkt\/gta-26-verlaengerungskabel\/","title":{"rendered":"STIHL GTA 26 Verl\u00e4ngerungskabel"},"content":{"rendered":"<p>Diese Verl\u00e4ngerung erweitert den Akku-Hochentaster GTA 26 zu einem kleinen Hochentaster, der f\u00fcr das Schneiden kleinerer \u00c4ste in den h\u00f6chsten Arbeitsbereichen des giardino.br entwickelt wurde \/br \/Robuste, griffige Befestigung sorgt f\u00fcr guten Halt und Handhabung des GTA 26.br \/br \/Ergonomische Aluminiumstange mit fester L\u00e4nge: Die Verl\u00e4ngerung ist leicht, um Erm\u00fcdung zu reduzieren,  Verf\u00fcgt \u00fcber einen weichen Griff f\u00fcr eine gute Kontrolle, und die Kr\u00fcmmung der Welle erm\u00f6glicht es, dass die F\u00fchrungsschiene in einer Linie mit der Welle liegt, um ein Umkippen w\u00e4hrend des Gebrauchs zu reduzieren.\/p<br \/>\n795711864491<\/p>\n<p>Ger\u00e4tegewicht 1,4<br \/>\nGer\u00e4tel\u00e4nge Ger\u00e4tel\u00e4nge<\/p>\n","protected":false},"excerpt":{"rendered":"<p>Diese Verl\u00e4ngerung erweitert den Akku-Hochentaster GTA 26 zu einem kleinen Hochentaster, der f\u00fcr das Schneiden kleinerer \u00c4ste in den h\u00f6chsten<\/p>\n","protected":false},"featured_media":424636,"template":"","meta":{"_seopress_robots_primary_cat":"","_seopress_titles_title":"","_seopress_titles_desc":"","_seopress_robots_index":""},"product_brand":[3554],"product_cat":[1615,1695,1612,169],"product_tag":[3266],"class_list":{"0":"post-465038","1":"product","2":"type-product","3":"status-publish","4":"has-post-thumbnail","6":"product_brand-stihl-de","7":"product_cat-akku-kettensagen","8":"product_cat-heckenscheren-und-astscheren","9":"product_cat-kettensagen","10":"product_cat-maschinen","11":"product_tag-import-stihl-de","12":"sws-gruppo-macchinari-de","13":"sws-conto-ricavi-merci-rivendita-macchinari-de","14":"sws-gruppo-iva-iva81-de","16":"first","17":"onbackorder","18":"purchasable","19":"product-type-simple"},"_links":{"self":[{"href":"https:\/\/lucacastelli.com\/de\/wp-json\/wp\/v2\/product\/465038","targetHints":{"allow":["GET"]}}],"collection":[{"href":"https:\/\/lucacastelli.com\/de\/wp-json\/wp\/v2\/product"}],"about":[{"href":"https:\/\/lucacastelli.com\/de\/wp-json\/wp\/v2\/types\/product"}],"wp:featuredmedia":[{"embeddable":true,"href":"https:\/\/lucacastelli.com\/de\/wp-json\/wp\/v2\/media\/424636"}],"wp:attachment":[{"href":"https:\/\/lucacastelli.com\/de\/wp-json\/wp\/v2\/media?parent=465038"}],"wp:term":[{"taxonomy":"product_brand","embeddable":true,"href":"https:\/\/lucacastelli.com\/de\/wp-json\/wp\/v2\/product_brand?post=465038"},{"taxonomy":"product_cat","embeddable":true,"href":"https:\/\/lucacastelli.com\/de\/wp-json\/wp\/v2\/product_cat?post=465038"},{"taxonomy":"product_tag","embeddable":true,"href":"https:\/\/lucacastelli.com\/de\/wp-json\/wp\/v2\/product_tag?post=465038"}],"curies":[{"name":"wp","href":"https:\/\/api.w.org\/{rel}","templated":true}]}}