{"id":465037,"date":"2025-05-31T21:56:30","date_gmt":"2025-05-31T19:56:30","guid":{"rendered":"https:\/\/lucacastelli.com\/prodotto\/msa-80-c-b-35cm-mit-ak-30-s-und-al-101\/"},"modified":"2025-08-19T19:25:45","modified_gmt":"2025-08-19T17:25:45","slug":"msa-80-c-b-35cm-mit-ak-30-s-und-al-101","status":"publish","type":"product","link":"https:\/\/lucacastelli.com\/de\/produkt\/msa-80-c-b-35cm-mit-ak-30-s-und-al-101\/","title":{"rendered":"STIHL MSA 80 C-B 35cm mit AK 30 S und AL 101"},"content":{"rendered":"<p>Die leistungsstarke und vielseitige Akku-Kettens\u00e4ge STIHL MSA 80 C-B eignet sich ideal f\u00fcr den pr\u00e4zisen Schnitt von \u00c4sten oder Str\u00e4uchern im Garten oder auf dem Grundst\u00fcck oder f\u00fcr das F\u00e4llen von kleinen B\u00e4umen. Auch f\u00fcr handwerkliche Arbeiten, wie die Holzbearbeitung oder das Schneiden von Bauholz, k\u00f6nnen Sie es schnell und effektiv einsetzen. Das STIHL MSA 80 C-B wird mit delnbsp-Batterien betrieben; strongsystem STIHL AK\/strongnbsp; Und es ist so leise, dass Sie es ohne Geh\u00f6rschutz und in l\u00e4rmempfindlichen Bereichen verwenden k\u00f6nnen.\/ppDank des 35-cm-M\u00e4hbalkens, der standardm\u00e4\u00dfig mit Lanbsp geliefert wird; 1\/4&#8243; P Picco Micro 3 Kette\/st\u00e4rke; (PM3) und an der STIHL Light 01 F\u00fchrung sorgen Sie zuverl\u00e4ssig f\u00fcr saubere und glatte Schnitte. Das geringe Gewicht des Systems und der leistungsstarke, energieeffiziente EC-Motor sorgen f\u00fcr eine optimale Balance und die n\u00f6tige Leistung.\/ppMit dem Bedienhebel mit Potentiometerfunktion k\u00f6nnen Sie die Geschwindigkeit Ihrer Akku-Kettens\u00e4ge stufenlos einstellen. Ein gummierter Softgrip sorgt f\u00fcr einen guten Halt, hohen Arbeitskomfort und verbessert die Ergonomie. F\u00fcr ein einfaches und sicheres Spannen der Kette ohne Werkzeug ist die Akku-Kettens\u00e4ge MSA 80 C-B mit dem STIHL dinbsp System ausgestattet; Starke\/starke Kettenspannung. Die zus\u00e4tzliche Kettenbremse QuickStop Super erh\u00f6ht deine Sicherheit, da die Kette sofort stoppt, sobald du den hinteren Griff losl\u00e4sst. Dank des transparenten \u00d6ltanks k\u00f6nnen Sie jederzeit den \u00d6lstand kontrollieren.<br \/>\n886661684083<\/p>\n<p>Nennspannung 36<br \/>\nLeistungsaufnahme Leistungsaufnahme<\/p>\n<p>Power Power<br \/>\nAK<br \/>\nBatteriesystem Empfohlene Batterie AK 30 S<\/p>\n<p>&nbsp;<\/p>\n<p>TECHNISCHE DATEN<\/p>\n<table data-test-id=\"pdp-spec-tech-table\">\n<tbody>\n<tr>\n<td>Nennspannung<\/td>\n<td>36 V<\/td>\n<\/tr>\n<tr>\n<td>Eingabe<\/td>\n<td>1,5 kW<\/td>\n<\/tr>\n<tr>\n<td>Macht<\/td>\n<td>1,2 kW <sup>1<!-- -->)<\/sup><\/td>\n<\/tr>\n<tr>\n<td>Batteriesystem<\/td>\n<td>AK<\/td>\n<\/tr>\n<tr>\n<td>Empfohlene<\/td>\n<p> Batterie<\/p>\n<td>AK 30 S<\/td>\n<\/tr>\n<tr>\n<td>Gewicht des Ger\u00e4tes ohne Akku<\/td>\n<td>2,9 kg <sup>2)<\/sup><\/td>\n<\/tr>\n<tr>\n<td>L\u00e4nge<\/td>\n<p> der Stange<\/p>\n<td>35 cm <sup>3)<\/sup><\/td>\n<\/tr>\n<tr>\n<td>Teilung der Kette<\/td>\n<td>1\/4&#8243; P<\/td>\n<\/tr>\n<tr>\n<td>IP-Schutzart<\/td>\n<td>N\/A<\/td>\n<\/tr>\n<tr>\n<td>Maximale Betriebsdauer der AK 30 S<\/td>\n<p> Batterie<\/p>\n<td>35 Minuten <sup>4)<\/sup><\/td>\n<\/tr>\n<tr>\n<td>L\u00e4nge des Ger\u00e4tes mit Krallenanschlag<\/td>\n<td>459 mm <sup>2)<\/sup><\/td>\n<\/tr>\n<tr>\n<td>Schalldruckpegel<\/td>\n<td>85 dB(A) <sup>5)<\/sup><\/td>\n<\/tr>\n<tr>\n<td>Schallleistungspegel<\/td>\n<td>93 dB(A) <sup>5)<\/sup><\/td>\n<\/tr>\n<tr>\n<td>Vibrationswert links\/rechts<\/td>\n<td>4,6\/3,9 m\/s\u00b2 <sup>6)<\/sup><\/td>\n<\/tr>\n<\/tbody>\n<\/table>\n","protected":false},"excerpt":{"rendered":"<p>Die leistungsstarke und vielseitige Akku-Kettens\u00e4ge STIHL MSA 80 C-B eignet sich ideal f\u00fcr den pr\u00e4zisen Schnitt von \u00c4sten oder Str\u00e4uchern<\/p>\n","protected":false},"featured_media":424610,"template":"","meta":{"_seopress_robots_primary_cat":"none","_seopress_titles_title":"","_seopress_titles_desc":"","_seopress_robots_index":""},"product_brand":[3366],"product_cat":[29,268,528],"product_tag":[3265],"class_list":{"0":"post-465037","1":"product","2":"type-product","3":"status-publish","4":"has-post-thumbnail","6":"product_brand-stihl","7":"product_cat-macchinari","8":"product_cat-motoseghe","9":"product_cat-motoseghe-a-batteria","10":"product_tag-import-stihl","11":"sws-gruppo-macchinari-de","12":"sws-conto-ricavi-merci-rivendita-macchinari-de","13":"sws-gruppo-iva-iva81-de","15":"first","16":"onbackorder","17":"purchasable","18":"product-type-simple"},"_links":{"self":[{"href":"https:\/\/lucacastelli.com\/de\/wp-json\/wp\/v2\/product\/465037","targetHints":{"allow":["GET"]}}],"collection":[{"href":"https:\/\/lucacastelli.com\/de\/wp-json\/wp\/v2\/product"}],"about":[{"href":"https:\/\/lucacastelli.com\/de\/wp-json\/wp\/v2\/types\/product"}],"wp:featuredmedia":[{"embeddable":true,"href":"https:\/\/lucacastelli.com\/de\/wp-json\/wp\/v2\/media\/424610"}],"wp:attachment":[{"href":"https:\/\/lucacastelli.com\/de\/wp-json\/wp\/v2\/media?parent=465037"}],"wp:term":[{"taxonomy":"product_brand","embeddable":true,"href":"https:\/\/lucacastelli.com\/de\/wp-json\/wp\/v2\/product_brand?post=465037"},{"taxonomy":"product_cat","embeddable":true,"href":"https:\/\/lucacastelli.com\/de\/wp-json\/wp\/v2\/product_cat?post=465037"},{"taxonomy":"product_tag","embeddable":true,"href":"https:\/\/lucacastelli.com\/de\/wp-json\/wp\/v2\/product_tag?post=465037"}],"curies":[{"name":"wp","href":"https:\/\/api.w.org\/{rel}","templated":true}]}}