{"id":465026,"date":"2025-06-01T00:05:48","date_gmt":"2025-05-31T22:05:48","guid":{"rendered":"https:\/\/lucacastelli.com\/prodotto\/stihl-rollomatic-es-404-12-d-75cm\/"},"modified":"2025-06-01T00:05:48","modified_gmt":"2025-05-31T22:05:48","slug":"stihl-rollomatic-es-404-12-d-75cm","status":"publish","type":"product","link":"https:\/\/lucacastelli.com\/de\/produkt\/stihl-rollomatic-es-404-12-d-75cm\/","title":{"rendered":"STIHL Rollomatic ES, .404&#8243;, 12 d, 75cm"},"content":{"rendered":"<p>Die STIHL Rollomatic ES Stange (STIHL Ematic Super) besteht aus einem massiven, besonders steifen Korpus sowie einem voll austauschbaren Kopf. Sie ist damit auf die h\u00f6chsten Anspr\u00fcche des professionellen Einsatzes zugeschnitten und wird vor allem zum F\u00e4llen und Abl\u00e4ngen an Hochleistungs-Kettens\u00e4gen eingesetzt. Des rainures obliques et de formme elliptique augmentent la vitesse d\u00e9coulement de lhuile de cha\u00eene adh\u00e9sive et garantissent une lubrification optimale et une dur\u00e9e de vie prolong\u00e9e du guide-cha\u00eenes. Schr\u00e4ge elliptische \u00d6ll\u00f6cher erh\u00f6hen die Flie\u00dfgeschwindigkeit des Ketten\u00f6ls und sorgen f\u00fcr ein optimales Schmierverm\u00f6gen und eine l\u00e4ngere Lebensdauer der Schiene.<br \/>\n795711038212   <\/p>\n<p>Umlenkrolle Sternteilung 10,26 mm\/.404&#8243;<br \/>\n Rillenbreite Rillenbreite<\/p>\n<p>Anschlie\u00dfen der F\u00fchrungsschiene Anschlie\u00dfen der F\u00fchrungsschiene<br \/>\nNummer 12<br \/>\nL\u00e4nge der Schiene 75cm\/30&#8243;<\/p>\n","protected":false},"excerpt":{"rendered":"<p>STIHL Rollomatic ES, .404&#8243;, 12 d, 75cm<\/p>\n","protected":false},"featured_media":429622,"template":"","meta":{"_seopress_robots_primary_cat":"","_seopress_titles_title":"","_seopress_titles_desc":"","_seopress_robots_index":""},"product_brand":[3366],"product_cat":[29,268,524],"product_tag":[3265],"class_list":{"0":"post-465026","1":"product","2":"type-product","3":"status-publish","4":"has-post-thumbnail","6":"product_brand-stihl","7":"product_cat-macchinari","8":"product_cat-motoseghe","9":"product_cat-spranghe-guida","10":"product_tag-import-stihl","11":"sws-gruppo-macchinari-de","12":"sws-conto-ricavi-merci-rivendita-macchinari-de","13":"sws-gruppo-iva-iva81-de","15":"first","16":"onbackorder","17":"purchasable","18":"product-type-simple"},"_links":{"self":[{"href":"https:\/\/lucacastelli.com\/de\/wp-json\/wp\/v2\/product\/465026","targetHints":{"allow":["GET"]}}],"collection":[{"href":"https:\/\/lucacastelli.com\/de\/wp-json\/wp\/v2\/product"}],"about":[{"href":"https:\/\/lucacastelli.com\/de\/wp-json\/wp\/v2\/types\/product"}],"wp:featuredmedia":[{"embeddable":true,"href":"https:\/\/lucacastelli.com\/de\/wp-json\/wp\/v2\/media\/429622"}],"wp:attachment":[{"href":"https:\/\/lucacastelli.com\/de\/wp-json\/wp\/v2\/media?parent=465026"}],"wp:term":[{"taxonomy":"product_brand","embeddable":true,"href":"https:\/\/lucacastelli.com\/de\/wp-json\/wp\/v2\/product_brand?post=465026"},{"taxonomy":"product_cat","embeddable":true,"href":"https:\/\/lucacastelli.com\/de\/wp-json\/wp\/v2\/product_cat?post=465026"},{"taxonomy":"product_tag","embeddable":true,"href":"https:\/\/lucacastelli.com\/de\/wp-json\/wp\/v2\/product_tag?post=465026"}],"curies":[{"name":"wp","href":"https:\/\/api.w.org\/{rel}","templated":true}]}}