{"id":465025,"date":"2025-06-01T00:05:18","date_gmt":"2025-05-31T22:05:18","guid":{"rendered":"https:\/\/lucacastelli.com\/prodotto\/stihl-duromatic-e-53cm\/"},"modified":"2025-06-01T00:05:18","modified_gmt":"2025-05-31T22:05:18","slug":"stihl-duromatic-e-53cm","status":"publish","type":"product","link":"https:\/\/lucacastelli.com\/de\/produkt\/stihl-duromatic-e-53cm\/","title":{"rendered":"STIHL Duromatic E, 53cm"},"content":{"rendered":"<p>Sehr robuste Integralschiene ohne Umlenkstern, f\u00fcr Kettens\u00e4gen mittlerer und hoher Leistung. Hauptverwendungen: nbsp; Forstwirtschaft, Bau- und Notfallarbeiten. F\u00fcr Hartholz, Schmutz oder Eiscreme und f\u00fcr St\u00e4mme mit gro\u00dfem Durchmesser. Massive Stahlstange, extrem widerstandsf\u00e4hig. Die Spitze der Stange ist mit Hartmetall beschichtet.<br \/>\n795711038120    <\/p>\n<p>Nutbreite 1,6 mm\/.063&#8243;<br \/>\n F\u00fchrungsschiene Verbindung F\u00fchrungsschiene Verbindung<\/p>\n<p>L\u00e4nge der Stange L\u00e4nge der Stange<\/p>\n","protected":false},"excerpt":{"rendered":"<p>STIHL Duromatic E, 53cm<\/p>\n","protected":false},"featured_media":429608,"template":"","meta":{"_seopress_robots_primary_cat":"","_seopress_titles_title":"","_seopress_titles_desc":"","_seopress_robots_index":""},"product_brand":[3366],"product_cat":[29,268,524],"product_tag":[3265],"class_list":{"0":"post-465025","1":"product","2":"type-product","3":"status-publish","4":"has-post-thumbnail","6":"product_brand-stihl","7":"product_cat-macchinari","8":"product_cat-motoseghe","9":"product_cat-spranghe-guida","10":"product_tag-import-stihl","11":"sws-gruppo-macchinari-de","12":"sws-conto-ricavi-merci-rivendita-macchinari-de","13":"sws-gruppo-iva-iva81-de","15":"first","16":"onbackorder","17":"purchasable","18":"product-type-simple"},"_links":{"self":[{"href":"https:\/\/lucacastelli.com\/de\/wp-json\/wp\/v2\/product\/465025","targetHints":{"allow":["GET"]}}],"collection":[{"href":"https:\/\/lucacastelli.com\/de\/wp-json\/wp\/v2\/product"}],"about":[{"href":"https:\/\/lucacastelli.com\/de\/wp-json\/wp\/v2\/types\/product"}],"wp:featuredmedia":[{"embeddable":true,"href":"https:\/\/lucacastelli.com\/de\/wp-json\/wp\/v2\/media\/429608"}],"wp:attachment":[{"href":"https:\/\/lucacastelli.com\/de\/wp-json\/wp\/v2\/media?parent=465025"}],"wp:term":[{"taxonomy":"product_brand","embeddable":true,"href":"https:\/\/lucacastelli.com\/de\/wp-json\/wp\/v2\/product_brand?post=465025"},{"taxonomy":"product_cat","embeddable":true,"href":"https:\/\/lucacastelli.com\/de\/wp-json\/wp\/v2\/product_cat?post=465025"},{"taxonomy":"product_tag","embeddable":true,"href":"https:\/\/lucacastelli.com\/de\/wp-json\/wp\/v2\/product_tag?post=465025"}],"curies":[{"name":"wp","href":"https:\/\/api.w.org\/{rel}","templated":true}]}}