{"id":465017,"date":"2025-06-01T00:04:24","date_gmt":"2025-05-31T22:04:24","guid":{"rendered":"https:\/\/lucacastelli.com\/prodotto\/msa-161-t-25cm-ohne-akku-und-ladegeraet\/"},"modified":"2026-02-14T13:45:37","modified_gmt":"2026-02-14T12:45:37","slug":"msa-161-t-25cm-ohne-akku-und-ladegeraet","status":"publish","type":"product","link":"https:\/\/lucacastelli.com\/de\/produkt\/msa-161-t-25cm-ohne-akku-und-ladegeraet\/","title":{"rendered":"STIHL MSA 161 T, 25cm, ohne Akku und Ladeger\u00e4t"},"content":{"rendered":"<p>pUnter Baumpflegeprofis ist diese leichte Kettens\u00e4ge mit Obergriff wegen ihres Gewichts von nur 2,5 kg (ohne Akku) und ihrer Motorleistung hoch angesehen. Dank der hohen Kettengeschwindigkeit von 16 m\/s, der starken Beschleunigung und des optimalen Mechanismus; STIHL 1\/4&#8221;-PM3\/strong Kette k\u00f6nnen Sie feine und sehr pr\u00e4zise Schnitte machen. Ein weiterer Vorteil der STIHL MSA 161 T ist, dass sie auch in l\u00e4rmsensiblen Bereichen wie Wohngebieten, Schulen oder Krankenh\u00e4usern eingesetzt werden kann. Dar\u00fcber hinaus wird die Kommunikation zwischen Bediener und Bodenpersonal erleichtert, da kein Geh\u00f6rschutz getragen werden muss.\/ppDie Kette der STIHL MSA 161 T l\u00e4sst sich einfach und sicher zur Seite spannen, ohne mit der Kette selbst in Ber\u00fchrung zu kommen. F\u00fcr zus\u00e4tzliche Sicherheit sorgt das STIHL QuickStop Super: Nicht nur bei einem R\u00fcckschlag, sondern auch beim Loslassen des hinteren Griffs stoppt die Kette innerhalb von Sekunden. Zus\u00e4tzlich k\u00f6nnen Sie \u00fcber den Handschutz die Kettenbremse aktivieren oder deaktivieren, die akustisch verriegelt.\/ppAlle batteriebetriebenen Ger\u00e4te delnbsp; strongsystem STIHL AP\/strongnbsp; Sie sind f\u00fcr professionelle Anwender und f\u00fcr den t\u00e4glichen Gebrauch auch bei widrigen Wetterbedingungen konzipiert. Aus diesem Grund haben sie den Spritzwasserschutz getestet. Die Wirksamkeit wird durch strenge interne Tests nachgewiesen. Der Spritzwassertest orientiert sich unter anderem an der Norm IPX4.\/ppstrongACHTUNG\/strong: Diese spezielle Kettens\u00e4ge ist nur f\u00fcr in der Baumpflege geschulte Anwender gedacht. Die Verwendung ohne entsprechende Schulung kann zu schweren Verletzungen f\u00fchren.\/p<br \/>\n886661774678<\/p>\n<p>Nennspannung 36<br \/>\nLeistungsaufnahme Leistungsaufnahme<\/p>\n<p>Power Power<br \/>\nBatteriesystem AP<br \/>\nEmpfohlene Batterie AP 200, AP 300<\/p>\n","protected":false},"excerpt":{"rendered":"<p>MSA 161 T, 25cm, ohne Akku und Ladeger\u00e4t<\/p>\n","protected":false},"featured_media":429578,"template":"","meta":{"_seopress_robots_primary_cat":"","_seopress_titles_title":"","_seopress_titles_desc":"","_seopress_robots_index":""},"product_brand":[3554],"product_cat":[1615,1612,169],"product_tag":[3266],"class_list":{"0":"post-465017","1":"product","2":"type-product","3":"status-publish","4":"has-post-thumbnail","6":"product_brand-stihl-de","7":"product_cat-akku-kettensagen","8":"product_cat-kettensagen","9":"product_cat-maschinen","10":"product_tag-import-stihl-de","11":"sws-gruppo-macchinari-de","12":"sws-conto-ricavi-merci-rivendita-macchinari-de","13":"sws-gruppo-iva-iva81-de","15":"first","16":"onbackorder","17":"purchasable","18":"product-type-simple"},"_links":{"self":[{"href":"https:\/\/lucacastelli.com\/de\/wp-json\/wp\/v2\/product\/465017","targetHints":{"allow":["GET"]}}],"collection":[{"href":"https:\/\/lucacastelli.com\/de\/wp-json\/wp\/v2\/product"}],"about":[{"href":"https:\/\/lucacastelli.com\/de\/wp-json\/wp\/v2\/types\/product"}],"wp:featuredmedia":[{"embeddable":true,"href":"https:\/\/lucacastelli.com\/de\/wp-json\/wp\/v2\/media\/429578"}],"wp:attachment":[{"href":"https:\/\/lucacastelli.com\/de\/wp-json\/wp\/v2\/media?parent=465017"}],"wp:term":[{"taxonomy":"product_brand","embeddable":true,"href":"https:\/\/lucacastelli.com\/de\/wp-json\/wp\/v2\/product_brand?post=465017"},{"taxonomy":"product_cat","embeddable":true,"href":"https:\/\/lucacastelli.com\/de\/wp-json\/wp\/v2\/product_cat?post=465017"},{"taxonomy":"product_tag","embeddable":true,"href":"https:\/\/lucacastelli.com\/de\/wp-json\/wp\/v2\/product_tag?post=465017"}],"curies":[{"name":"wp","href":"https:\/\/api.w.org\/{rel}","templated":true}]}}