{"id":465011,"date":"2025-06-01T00:04:07","date_gmt":"2025-05-31T22:04:07","guid":{"rendered":"https:\/\/lucacastelli.com\/prodotto\/rollomatic-e-mini-light-25-cm-11-3-8-schirm\/"},"modified":"2025-06-28T19:44:34","modified_gmt":"2025-06-28T17:44:34","slug":"rollomatic-e-mini-light-25-cm-11-3-8-schirm","status":"publish","type":"product","link":"https:\/\/lucacastelli.com\/de\/produkt\/rollomatic-e-mini-light-25-cm-11-3-8-schirm\/","title":{"rendered":"STIHL Rollomatic E Mini Light, 25 cm 1,1 3\/8&#8243; Schirm"},"content":{"rendered":"<p>Leichte Schiene f\u00fcr leichte Kettens\u00e4gen und Astscheren. Im Vergleich zu herk\u00f6mmlichen Stangen des gleichen Typs bietet er eine vorteilhafte Gewichtsreduzierung von bis zu 25% (bei einer L\u00e4nge von 35 cm). Zur leichteren Bearbeitung mit Gartenscheren oder zur Ernte von Weichholz. Erh\u00e4ltlich in den L\u00e4ngen 25, 30 und 35 cm.<br \/>\n795711380106   <\/p>\n<p>Leitrollenraster 9,32 mm\/3\/8&#8243; P<br \/>\nRillenbreite Rillenbreite<\/p>\n<p>Anschlie\u00dfen der F\u00fchrungsschiene Anschlie\u00dfen der F\u00fchrungsschiene<br \/>\nAnzahl der Leitrollen 7<br \/>\nL\u00e4nge der Schiene 25cm\/10&#8243;<\/p>\n","protected":false},"excerpt":{"rendered":"<p>Rollomatic E Mini Light, 25 cm 1,1 3\/8&#8243; Schirm<\/p>\n","protected":false},"featured_media":429537,"template":"","meta":{"_seopress_robots_primary_cat":"","_seopress_titles_title":"","_seopress_titles_desc":"","_seopress_robots_index":""},"product_brand":[3366],"product_cat":[29,268,524],"product_tag":[3265],"class_list":{"0":"post-465011","1":"product","2":"type-product","3":"status-publish","4":"has-post-thumbnail","6":"product_brand-stihl","7":"product_cat-macchinari","8":"product_cat-motoseghe","9":"product_cat-spranghe-guida","10":"product_tag-import-stihl","11":"sws-gruppo-macchinari-de","12":"sws-conto-ricavi-merci-rivendita-macchinari-de","13":"sws-gruppo-iva-iva81-de","15":"first","16":"onbackorder","17":"purchasable","18":"product-type-simple"},"_links":{"self":[{"href":"https:\/\/lucacastelli.com\/de\/wp-json\/wp\/v2\/product\/465011","targetHints":{"allow":["GET"]}}],"collection":[{"href":"https:\/\/lucacastelli.com\/de\/wp-json\/wp\/v2\/product"}],"about":[{"href":"https:\/\/lucacastelli.com\/de\/wp-json\/wp\/v2\/types\/product"}],"wp:featuredmedia":[{"embeddable":true,"href":"https:\/\/lucacastelli.com\/de\/wp-json\/wp\/v2\/media\/429537"}],"wp:attachment":[{"href":"https:\/\/lucacastelli.com\/de\/wp-json\/wp\/v2\/media?parent=465011"}],"wp:term":[{"taxonomy":"product_brand","embeddable":true,"href":"https:\/\/lucacastelli.com\/de\/wp-json\/wp\/v2\/product_brand?post=465011"},{"taxonomy":"product_cat","embeddable":true,"href":"https:\/\/lucacastelli.com\/de\/wp-json\/wp\/v2\/product_cat?post=465011"},{"taxonomy":"product_tag","embeddable":true,"href":"https:\/\/lucacastelli.com\/de\/wp-json\/wp\/v2\/product_tag?post=465011"}],"curies":[{"name":"wp","href":"https:\/\/api.w.org\/{rel}","templated":true}]}}