{"id":465008,"date":"2025-06-01T00:03:41","date_gmt":"2025-05-31T22:03:41","guid":{"rendered":"https:\/\/lucacastelli.com\/prodotto\/rollomatic-e-mini-1-4-d-35-cm\/"},"modified":"2025-06-28T19:44:26","modified_gmt":"2025-06-28T17:44:26","slug":"rollomatic-e-mini-1-4-d-35-cm","status":"publish","type":"product","link":"https:\/\/lucacastelli.com\/de\/produkt\/rollomatic-e-mini-1-4-d-35-cm\/","title":{"rendered":"STIHL Rollomatic E Mini, 1\/4&#8243; D, 35 cm"},"content":{"rendered":"<p>Die Kombination dieses besonders d\u00fcnnen B\u00fcgels mit der 3\/8&#8243; Picco Micro Mini Comfort 3 Kette oder der 1\/4&#8243; Picco Micro Comfort 3 f\u00fcr die MSA, erm\u00f6glicht eine deutliche Gewichtsreduzierung bei gleichzeitig erh\u00f6hter Schnittkapazit\u00e4t. Wie alle STIHL Stangen ist auch diese Ausf\u00fchrung aus Chrom-Molybd\u00e4n-Edelstahl gefertigt.<br \/>\n795711981204 <\/p>\n<p>Spannweite des Umlenkrollen-Sternchens 6,35 mm\/1\/4&#8243; P<br \/>\nNutbreite Nutbreite<\/p>\n<p>Anschlie\u00dfen der F\u00fchrungsschiene Anschlie\u00dfen der F\u00fchrungsschiene<br \/>\nNummer der Schiene 8<br \/>\nL\u00e4nge der Schiene 35cm\/14&#8243;<\/p>\n","protected":false},"excerpt":{"rendered":"<p>Rollomatic E Mini, 1\/4&#8243; D, 35 cm<\/p>\n","protected":false},"featured_media":429553,"template":"","meta":{"_seopress_robots_primary_cat":"","_seopress_titles_title":"","_seopress_titles_desc":"","_seopress_robots_index":""},"product_brand":[3554],"product_cat":[1618,1612,169],"product_tag":[3266],"class_list":{"0":"post-465008","1":"product","2":"type-product","3":"status-publish","4":"has-post-thumbnail","6":"product_brand-stihl-de","7":"product_cat-fuhrungsschienen","8":"product_cat-kettensagen","9":"product_cat-maschinen","10":"product_tag-import-stihl-de","11":"sws-gruppo-macchinari-de","12":"sws-conto-ricavi-merci-rivendita-macchinari-de","13":"sws-gruppo-iva-iva81-de","15":"first","16":"onbackorder","17":"purchasable","18":"product-type-simple"},"_links":{"self":[{"href":"https:\/\/lucacastelli.com\/de\/wp-json\/wp\/v2\/product\/465008","targetHints":{"allow":["GET"]}}],"collection":[{"href":"https:\/\/lucacastelli.com\/de\/wp-json\/wp\/v2\/product"}],"about":[{"href":"https:\/\/lucacastelli.com\/de\/wp-json\/wp\/v2\/types\/product"}],"wp:featuredmedia":[{"embeddable":true,"href":"https:\/\/lucacastelli.com\/de\/wp-json\/wp\/v2\/media\/429553"}],"wp:attachment":[{"href":"https:\/\/lucacastelli.com\/de\/wp-json\/wp\/v2\/media?parent=465008"}],"wp:term":[{"taxonomy":"product_brand","embeddable":true,"href":"https:\/\/lucacastelli.com\/de\/wp-json\/wp\/v2\/product_brand?post=465008"},{"taxonomy":"product_cat","embeddable":true,"href":"https:\/\/lucacastelli.com\/de\/wp-json\/wp\/v2\/product_cat?post=465008"},{"taxonomy":"product_tag","embeddable":true,"href":"https:\/\/lucacastelli.com\/de\/wp-json\/wp\/v2\/product_tag?post=465008"}],"curies":[{"name":"wp","href":"https:\/\/api.w.org\/{rel}","templated":true}]}}