{"id":464989,"date":"2025-05-31T23:59:54","date_gmt":"2025-05-31T21:59:54","guid":{"rendered":"https:\/\/lucacastelli.com\/prodotto\/rollomatic-e-mini-35-cm\/"},"modified":"2025-06-28T19:44:11","modified_gmt":"2025-06-28T17:44:11","slug":"rollomatic-e-mini-35-cm","status":"publish","type":"product","link":"https:\/\/lucacastelli.com\/de\/produkt\/rollomatic-e-mini-35-cm\/","title":{"rendered":"STIHL Rollomatic E Mini, 35 cm"},"content":{"rendered":"<p>pSpranga besonders d\u00fcnner und daher leichter Leiter mit hervorragender Schnittleistung und reduzierter R\u00fcckprallneigung. Hauptverwendung: Bastler und Gelegenheitskonsumenten. Ideal in Kombination mit der kleinen Gliederkette Picco-Mini. Stangenk\u00f6rper aus Chrom-Molybd\u00e4n-Stahl wie alle STIHL F\u00fchrungsschienen.\/p<br \/>\n795711122096<\/p>\n<p>Tragrollensternteilung 9.32mm\/3\/8&#8243; P<br \/>\nNutbreite Nutbreite<\/p>\n<p>F\u00fchrungsschienenanschluss F\u00fchrungsstangenanschluss F\u00fchrungsschienenanschluss F\u00fchrungsstern<br \/>\nAnzahl 7<br \/>\nStangenl\u00e4nge 35cm\/14&#8243;<\/p>\n","protected":false},"excerpt":{"rendered":"<p>Rollomatic E Mini, 35 cm<\/p>\n","protected":false},"featured_media":429479,"template":"","meta":{"_seopress_robots_primary_cat":"","_seopress_titles_title":"","_seopress_titles_desc":"","_seopress_robots_index":""},"product_brand":[3554],"product_cat":[1618,1612,169],"product_tag":[3266],"class_list":{"0":"post-464989","1":"product","2":"type-product","3":"status-publish","4":"has-post-thumbnail","6":"product_brand-stihl-de","7":"product_cat-fuhrungsschienen","8":"product_cat-kettensagen","9":"product_cat-maschinen","10":"product_tag-import-stihl-de","11":"sws-gruppo-macchinari-de","12":"sws-conto-ricavi-merci-rivendita-macchinari-de","13":"sws-gruppo-iva-iva81-de","15":"first","16":"onbackorder","17":"purchasable","18":"product-type-simple"},"_links":{"self":[{"href":"https:\/\/lucacastelli.com\/de\/wp-json\/wp\/v2\/product\/464989","targetHints":{"allow":["GET"]}}],"collection":[{"href":"https:\/\/lucacastelli.com\/de\/wp-json\/wp\/v2\/product"}],"about":[{"href":"https:\/\/lucacastelli.com\/de\/wp-json\/wp\/v2\/types\/product"}],"wp:featuredmedia":[{"embeddable":true,"href":"https:\/\/lucacastelli.com\/de\/wp-json\/wp\/v2\/media\/429479"}],"wp:attachment":[{"href":"https:\/\/lucacastelli.com\/de\/wp-json\/wp\/v2\/media?parent=464989"}],"wp:term":[{"taxonomy":"product_brand","embeddable":true,"href":"https:\/\/lucacastelli.com\/de\/wp-json\/wp\/v2\/product_brand?post=464989"},{"taxonomy":"product_cat","embeddable":true,"href":"https:\/\/lucacastelli.com\/de\/wp-json\/wp\/v2\/product_cat?post=464989"},{"taxonomy":"product_tag","embeddable":true,"href":"https:\/\/lucacastelli.com\/de\/wp-json\/wp\/v2\/product_tag?post=464989"}],"curies":[{"name":"wp","href":"https:\/\/api.w.org\/{rel}","templated":true}]}}