{"id":464986,"date":"2025-05-31T23:59:00","date_gmt":"2025-05-31T21:59:00","guid":{"rendered":"https:\/\/lucacastelli.com\/prodotto\/schnitzerei-1-4d-30-cm-1-1\/"},"modified":"2025-06-28T19:43:55","modified_gmt":"2025-06-28T17:43:55","slug":"schnitzerei-1-4d-30-cm-1-1","status":"publish","type":"product","link":"https:\/\/lucacastelli.com\/de\/produkt\/schnitzerei-1-4d-30-cm-1-1\/","title":{"rendered":"STIHL Schnitzerei 1\/4&#8243;D 30 cm, 1.1"},"content":{"rendered":"<p>Drei-Platten-Tranchierstange mit stabiler Stellitspitze und 30 cm Schnittl\u00e4nge. Ideal f\u00fcr Schnitzer, Baumpfleger und Gartenscheren, um sehr kleine Radien mit der Spitze der Stange zu schneiden. Schlechte Tendenz zum Rebound. Leicht und langlebig. Die Referenzkerben an der Stange erm\u00f6glichen es, den Bohrer w\u00e4hrend des Schneidens mit maximaler Pr\u00e4zision zu positionieren.<br \/>\n795711933937    <\/p>\n<p>Spannweite des Umlenkrollen-Sternchens 6,35 mm\/1\/4&#8243; P<br \/>\nNutbreite Nutbreite<\/p>\n<p>Verbindung F\u00fchrungsschiene<br \/>\nVerbindungsschiene L\u00e4nge 30cm\/12&#8243;<br \/>\n Stabst\u00e4rke 0,271<\/p>\n","protected":false},"excerpt":{"rendered":"<p>Schnitzerei 1\/4&#8243;D 30 cm, 1.1<\/p>\n","protected":false},"featured_media":429473,"template":"","meta":{"_seopress_robots_primary_cat":"","_seopress_titles_title":"","_seopress_titles_desc":"","_seopress_robots_index":""},"product_brand":[3554],"product_cat":[1618,1612,169],"product_tag":[3266],"class_list":{"0":"post-464986","1":"product","2":"type-product","3":"status-publish","4":"has-post-thumbnail","6":"product_brand-stihl-de","7":"product_cat-fuhrungsschienen","8":"product_cat-kettensagen","9":"product_cat-maschinen","10":"product_tag-import-stihl-de","11":"sws-gruppo-macchinari-de","12":"sws-conto-ricavi-merci-rivendita-macchinari-de","13":"sws-gruppo-iva-iva81-de","15":"first","16":"onbackorder","17":"purchasable","18":"product-type-simple"},"_links":{"self":[{"href":"https:\/\/lucacastelli.com\/de\/wp-json\/wp\/v2\/product\/464986","targetHints":{"allow":["GET"]}}],"collection":[{"href":"https:\/\/lucacastelli.com\/de\/wp-json\/wp\/v2\/product"}],"about":[{"href":"https:\/\/lucacastelli.com\/de\/wp-json\/wp\/v2\/types\/product"}],"wp:featuredmedia":[{"embeddable":true,"href":"https:\/\/lucacastelli.com\/de\/wp-json\/wp\/v2\/media\/429473"}],"wp:attachment":[{"href":"https:\/\/lucacastelli.com\/de\/wp-json\/wp\/v2\/media?parent=464986"}],"wp:term":[{"taxonomy":"product_brand","embeddable":true,"href":"https:\/\/lucacastelli.com\/de\/wp-json\/wp\/v2\/product_brand?post=464986"},{"taxonomy":"product_cat","embeddable":true,"href":"https:\/\/lucacastelli.com\/de\/wp-json\/wp\/v2\/product_cat?post=464986"},{"taxonomy":"product_tag","embeddable":true,"href":"https:\/\/lucacastelli.com\/de\/wp-json\/wp\/v2\/product_tag?post=464986"}],"curies":[{"name":"wp","href":"https:\/\/api.w.org\/{rel}","templated":true}]}}