{"id":464983,"date":"2025-05-31T23:59:38","date_gmt":"2025-05-31T21:59:38","guid":{"rendered":"https:\/\/lucacastelli.com\/prodotto\/rollomatic-e-mini-30-cm\/"},"modified":"2026-03-09T00:37:11","modified_gmt":"2026-03-08T23:37:11","slug":"rollomatic-e-mini-30-cm","status":"publish","type":"product","link":"https:\/\/lucacastelli.com\/de\/produkt\/rollomatic-e-mini-30-cm\/","title":{"rendered":"STIHL Rollomatic E Mini, 30 cm"},"content":{"rendered":"<p>pBesonders schlanke und damit leichte F\u00fchrungsschiene mit hervorragender Schnittleistung und reduzierter R\u00fcckschlagneigung. Haupteinsatzbereiche: Hobbyisten und Gelegenheitsnutzer. Ideal in Kombination mit der kleingliedrigen Picco-Mini-Kette. Schienenk\u00f6rper aus Chrom-Molybd\u00e4n-Stahl wie bei allen STIHL-F\u00fchrungsschienen.\/p<br \/>\n795711122089<\/p>\n<p>Teilung Kettenrad 9,32 mm\/3\/8&#8243; P<br \/>\nNutbreite Nutbreite<\/p>\n<p>Anschluss F\u00fchrungsschiene Anschluss F\u00fchrungsschiene<br \/>\nAnzahl Z\u00e4hne Kettenrad 7<br \/>\nSchienenl\u00e4nge 30 cm\/12&#8243;<\/p>\n","protected":false},"excerpt":{"rendered":"<p>Rollomatic E Mini, 30 cm<\/p>\n","protected":false},"featured_media":429479,"template":"","meta":{"_seopress_robots_primary_cat":"none","_seopress_titles_title":"","_seopress_titles_desc":"","_seopress_robots_index":""},"product_brand":[3554],"product_cat":[1618,1612,169],"product_tag":[3266],"class_list":{"0":"post-464983","1":"product","2":"type-product","3":"status-publish","4":"has-post-thumbnail","6":"product_brand-stihl-de","7":"product_cat-fuhrungsschienen","8":"product_cat-kettensagen","9":"product_cat-maschinen","10":"product_tag-import-stihl-de","11":"sws-gruppo-macchinari-de","12":"sws-conto-ricavi-merci-rivendita-macchinari-de","13":"sws-gruppo-iva-iva81-de","15":"first","16":"onbackorder","17":"purchasable","18":"product-type-simple"},"_links":{"self":[{"href":"https:\/\/lucacastelli.com\/de\/wp-json\/wp\/v2\/product\/464983","targetHints":{"allow":["GET"]}}],"collection":[{"href":"https:\/\/lucacastelli.com\/de\/wp-json\/wp\/v2\/product"}],"about":[{"href":"https:\/\/lucacastelli.com\/de\/wp-json\/wp\/v2\/types\/product"}],"wp:featuredmedia":[{"embeddable":true,"href":"https:\/\/lucacastelli.com\/de\/wp-json\/wp\/v2\/media\/429479"}],"wp:attachment":[{"href":"https:\/\/lucacastelli.com\/de\/wp-json\/wp\/v2\/media?parent=464983"}],"wp:term":[{"taxonomy":"product_brand","embeddable":true,"href":"https:\/\/lucacastelli.com\/de\/wp-json\/wp\/v2\/product_brand?post=464983"},{"taxonomy":"product_cat","embeddable":true,"href":"https:\/\/lucacastelli.com\/de\/wp-json\/wp\/v2\/product_cat?post=464983"},{"taxonomy":"product_tag","embeddable":true,"href":"https:\/\/lucacastelli.com\/de\/wp-json\/wp\/v2\/product_tag?post=464983"}],"curies":[{"name":"wp","href":"https:\/\/api.w.org\/{rel}","templated":true}]}}