{"id":464978,"date":"2025-05-31T23:58:30","date_gmt":"2025-05-31T21:58:30","guid":{"rendered":"https:\/\/lucacastelli.com\/prodotto\/ms-500i-w-rs-schnittlaenge-50cm\/"},"modified":"2025-06-28T19:43:43","modified_gmt":"2025-06-28T17:43:43","slug":"ms-500i-w-rs-schnittlaenge-50cm","status":"publish","type":"product","link":"https:\/\/lucacastelli.com\/de\/produkt\/ms-500i-w-rs-schnittlaenge-50cm\/","title":{"rendered":"STIHL MS 500i W, RS, Schnittl\u00e4nge 50cm"},"content":{"rendered":"<p>Die erste STIHL Injection strong elektronische Spritzkettens\u00e4ge mit elektrischem Griff Heizung \/ stark. Bestes Leistungsgewicht auf dem Markt. Die leichte Konstruktion und die hervorragende Beschleunigung erm\u00f6glichen das Sammeln und Bearbeiten von gro\u00dfem Holz. Optimierte Klauen, HD-2-Filter f\u00fcr effektives Filtern, Anti-Leckage-Muttern an Geh\u00e4use und Filterdeckel ohne den Einsatz von Werkzeugen, \u00d6lpumpe mit einstellbarem Durchfluss f\u00fcr einen hohen Schmierstofffluss, werkzeuglose Tankdeckel f\u00fcr einfaches und sicheres Betanken.<br \/>\n886661810321   <\/p>\n<p>Hubraum 79,2<br \/>\nLeistung Leistung<\/p>\n<p>Leistung Leistung<br \/>\nLeistung 6.70<br \/>\nCO2 706<\/p>\n","protected":false},"excerpt":{"rendered":"<p>MS 500i W, RS, Schnittl\u00e4nge 50cm<\/p>\n","protected":false},"featured_media":429352,"template":"","meta":{"_seopress_robots_primary_cat":"","_seopress_titles_title":"","_seopress_titles_desc":"","_seopress_robots_index":""},"product_brand":[3554],"product_cat":[1612,169],"product_tag":[3266],"class_list":{"0":"post-464978","1":"product","2":"type-product","3":"status-publish","4":"has-post-thumbnail","6":"product_brand-stihl-de","7":"product_cat-kettensagen","8":"product_cat-maschinen","9":"product_tag-import-stihl-de","10":"sws-gruppo-macchinari-de","11":"sws-conto-ricavi-merci-rivendita-macchinari-de","12":"sws-gruppo-iva-iva81-de","14":"first","15":"onbackorder","16":"purchasable","17":"product-type-simple"},"_links":{"self":[{"href":"https:\/\/lucacastelli.com\/de\/wp-json\/wp\/v2\/product\/464978","targetHints":{"allow":["GET"]}}],"collection":[{"href":"https:\/\/lucacastelli.com\/de\/wp-json\/wp\/v2\/product"}],"about":[{"href":"https:\/\/lucacastelli.com\/de\/wp-json\/wp\/v2\/types\/product"}],"wp:featuredmedia":[{"embeddable":true,"href":"https:\/\/lucacastelli.com\/de\/wp-json\/wp\/v2\/media\/429352"}],"wp:attachment":[{"href":"https:\/\/lucacastelli.com\/de\/wp-json\/wp\/v2\/media?parent=464978"}],"wp:term":[{"taxonomy":"product_brand","embeddable":true,"href":"https:\/\/lucacastelli.com\/de\/wp-json\/wp\/v2\/product_brand?post=464978"},{"taxonomy":"product_cat","embeddable":true,"href":"https:\/\/lucacastelli.com\/de\/wp-json\/wp\/v2\/product_cat?post=464978"},{"taxonomy":"product_tag","embeddable":true,"href":"https:\/\/lucacastelli.com\/de\/wp-json\/wp\/v2\/product_tag?post=464978"}],"curies":[{"name":"wp","href":"https:\/\/api.w.org\/{rel}","templated":true}]}}