{"id":464971,"date":"2025-05-31T23:58:01","date_gmt":"2025-05-31T21:58:01","guid":{"rendered":"https:\/\/lucacastelli.com\/prodotto\/ms-500i-rs-schnittlaenge-50-cm\/"},"modified":"2026-04-16T22:16:19","modified_gmt":"2026-04-16T20:16:19","slug":"ms-500i-rs-schnittlaenge-50-cm","status":"publish","type":"product","link":"https:\/\/lucacastelli.com\/de\/produkt\/ms-500i-rs-schnittlaenge-50-cm\/","title":{"rendered":"STIHL MS 500i, RS, Schnittl\u00e4nge 50 cm"},"content":{"rendered":"<p>Die erste Motors\u00e4ge mit elektronischer Einspritzung STIHL Injection. Bestes Leistungsgewicht auf dem Markt. Die Leichtbauweise und die exzellente Beschleunigung erm\u00f6glichen das Ernten und Aufarbeiten von Starkholz. Optimierte Krallenanschl\u00e4ge, HD2-Filter f\u00fcr eine effektive Filterwirkung, verliersichere Muttern am Kettenraddeckel und werkzeugloser Filterdeckel, mengenregulierbare \u00d6lpumpe f\u00fcr hohe F\u00f6rderleistung, werkzeuglose Tankverschl\u00fcsse f\u00fcr einfaches und sicheres Bef\u00fcllen.<br \/>\n886661445479   <\/p>\n<p>Hubraum 79,2 cm\u00b3<br \/>\nLeistung<\/p>\n<p>Leistung<br \/>\nLeistung 5,0 kW \/ 6,8 PS<br \/>\nCO2 707 g\/kWh<\/p>\n","protected":false},"excerpt":{"rendered":"<p>MS 500i, RS, Schnittl\u00e4nge 50 cm<\/p>\n","protected":false},"featured_media":423665,"template":"","meta":{"_seopress_robots_primary_cat":"none","_seopress_titles_title":"","_seopress_titles_desc":"","_seopress_robots_index":""},"product_brand":[3554],"product_cat":[169,1612],"product_tag":[3266],"class_list":{"0":"post-464971","1":"product","2":"type-product","3":"status-publish","4":"has-post-thumbnail","6":"product_brand-stihl-de","7":"product_cat-maschinen","8":"product_cat-kettensagen","9":"product_tag-import-stihl-de","10":"sws-gruppo-macchinari-de","11":"sws-conto-ricavi-merci-rivendita-macchinari-de","12":"sws-gruppo-iva-iva81-de","14":"first","15":"onbackorder","16":"purchasable","17":"product-type-simple"},"_links":{"self":[{"href":"https:\/\/lucacastelli.com\/de\/wp-json\/wp\/v2\/product\/464971","targetHints":{"allow":["GET"]}}],"collection":[{"href":"https:\/\/lucacastelli.com\/de\/wp-json\/wp\/v2\/product"}],"about":[{"href":"https:\/\/lucacastelli.com\/de\/wp-json\/wp\/v2\/types\/product"}],"wp:featuredmedia":[{"embeddable":true,"href":"https:\/\/lucacastelli.com\/de\/wp-json\/wp\/v2\/media\/423665"}],"wp:attachment":[{"href":"https:\/\/lucacastelli.com\/de\/wp-json\/wp\/v2\/media?parent=464971"}],"wp:term":[{"taxonomy":"product_brand","embeddable":true,"href":"https:\/\/lucacastelli.com\/de\/wp-json\/wp\/v2\/product_brand?post=464971"},{"taxonomy":"product_cat","embeddable":true,"href":"https:\/\/lucacastelli.com\/de\/wp-json\/wp\/v2\/product_cat?post=464971"},{"taxonomy":"product_tag","embeddable":true,"href":"https:\/\/lucacastelli.com\/de\/wp-json\/wp\/v2\/product_tag?post=464971"}],"curies":[{"name":"wp","href":"https:\/\/api.w.org\/{rel}","templated":true}]}}