{"id":464966,"date":"2025-05-31T23:58:07","date_gmt":"2025-05-31T21:58:07","guid":{"rendered":"https:\/\/lucacastelli.com\/prodotto\/ms-500i-rs-schnittlaenge-63-cm\/"},"modified":"2026-02-15T19:26:01","modified_gmt":"2026-02-15T18:26:01","slug":"ms-500i-rs-schnittlaenge-63-cm","status":"publish","type":"product","link":"https:\/\/lucacastelli.com\/de\/produkt\/ms-500i-rs-schnittlaenge-63-cm\/","title":{"rendered":"STIHL MS 500i, RS, Schnittl\u00e4nge 63 cm"},"content":{"rendered":"<p>Die erste elektronische Spritzkettens\u00e4ge STIHL Injection. Bestes Leistungsgewicht auf dem Markt. Die leichte Konstruktion und die hervorragende Beschleunigung erm\u00f6glichen das Sammeln und Bearbeiten von gro\u00dfem Holz. Optimierte Klauen, HD-2-Filter f\u00fcr effektives Filtern, Anti-Leckage-Muttern an Geh\u00e4use und Filterdeckel ohne den Einsatz von Werkzeugen, \u00d6lpumpe mit einstellbarem Durchfluss f\u00fcr einen hohen Schmierstofffluss, werkzeuglose Tankdeckel f\u00fcr einfaches und sicheres Betanken.<br \/>\n886661445486<\/p>\n<p>Hubraum 79,2<br \/>\nLeistung Leistung<\/p>\n<p>Leistung Leistung<br \/>\nLeistung 6.70<br \/>\nCO2 706<\/p>\n","protected":false},"excerpt":{"rendered":"<p>MS 500i, RS, Schnittl\u00e4nge 63 cm<\/p>\n","protected":false},"featured_media":423665,"template":"","meta":{"_seopress_robots_primary_cat":"","_seopress_titles_title":"","_seopress_titles_desc":"","_seopress_robots_index":""},"product_brand":[3554],"product_cat":[169,1612],"product_tag":[3266],"class_list":{"0":"post-464966","1":"product","2":"type-product","3":"status-publish","4":"has-post-thumbnail","6":"product_brand-stihl-de","7":"product_cat-maschinen","8":"product_cat-kettensagen","9":"product_tag-import-stihl-de","10":"sws-gruppo-macchinari-de","11":"sws-conto-ricavi-merci-rivendita-macchinari-de","12":"sws-gruppo-iva-iva81-de","14":"first","15":"onbackorder","16":"purchasable","17":"product-type-simple"},"_links":{"self":[{"href":"https:\/\/lucacastelli.com\/de\/wp-json\/wp\/v2\/product\/464966","targetHints":{"allow":["GET"]}}],"collection":[{"href":"https:\/\/lucacastelli.com\/de\/wp-json\/wp\/v2\/product"}],"about":[{"href":"https:\/\/lucacastelli.com\/de\/wp-json\/wp\/v2\/types\/product"}],"wp:featuredmedia":[{"embeddable":true,"href":"https:\/\/lucacastelli.com\/de\/wp-json\/wp\/v2\/media\/423665"}],"wp:attachment":[{"href":"https:\/\/lucacastelli.com\/de\/wp-json\/wp\/v2\/media?parent=464966"}],"wp:term":[{"taxonomy":"product_brand","embeddable":true,"href":"https:\/\/lucacastelli.com\/de\/wp-json\/wp\/v2\/product_brand?post=464966"},{"taxonomy":"product_cat","embeddable":true,"href":"https:\/\/lucacastelli.com\/de\/wp-json\/wp\/v2\/product_cat?post=464966"},{"taxonomy":"product_tag","embeddable":true,"href":"https:\/\/lucacastelli.com\/de\/wp-json\/wp\/v2\/product_tag?post=464966"}],"curies":[{"name":"wp","href":"https:\/\/api.w.org\/{rel}","templated":true}]}}