{"id":464958,"date":"2025-05-31T23:02:22","date_gmt":"2025-05-31T21:02:22","guid":{"rendered":"https:\/\/lucacastelli.com\/prodotto\/msa-70-c-b-30cm-mit-ak-30-und-al-101\/"},"modified":"2026-03-02T11:40:45","modified_gmt":"2026-03-02T10:40:45","slug":"msa-70-c-b-30cm-mit-ak-30-und-al-101","status":"publish","type":"product","link":"https:\/\/lucacastelli.com\/de\/produkt\/msa-70-c-b-30cm-mit-ak-30-und-al-101\/","title":{"rendered":"STIHL MSA 70 C-B 30cm mit AK 30 und AL 101"},"content":{"rendered":"<h2 class=\"product-details__title\">Akku-Kettens\u00e4ge MSA 70 C-B: handlich und ergonomisch<\/h2>\n<div class=\"product-details__description richtexteditor\">Leichte und einfach zu bedienende Akku-Kettens\u00e4ge mit 25 % h\u00f6herer Schnittleistung im Vergleich zur MSA 60 C-B. Ideal f\u00fcr die gelegentliche Grundst\u00fcckspflege, zum Schneiden von liegenden St\u00e4mmen und f\u00fcr einfache handwerkliche Arbeiten. \u00bc&#8221; PM3-S\u00e4gekette f\u00fcr hohe Schnittleistung und ein sauberes Schnittbild, ergonomischer Bedienhebel mit Potentiometer-Funktion zur stufenlosen Drehzahlregulierung, STIHL Kettenschnellspannung zum werkzeuglosen Spannen der S\u00e4gekette, transparenter \u00d6ltank f\u00fcr eine einfache optische Kontrolle des F\u00fcllstands. <\/div>\n<div><\/div>\n<div><\/div>\n<div>TECHNISCHE DATEN<\/div>\n<div><\/div>\n<div><\/div>\n<div><\/div>\n<table data-test-id=\"pdp-spec-tech-table\">\n<tbody>\n<tr>\n<td>Nennspannung<\/td>\n<td>36 V<\/td>\n<\/tr>\n<tr>\n<td>Eingabe<\/td>\n<td>1,1 kW<\/td>\n<\/tr>\n<tr>\n<td>Macht<\/td>\n<td>0,9 kW <sup>1<!-- -->)<\/sup><\/td>\n<\/tr>\n<tr>\n<td>Akkusystem<\/td>\n<td>AK<\/td>\n<\/tr>\n<tr>\n<td>Empfohlene<\/td>\n<p> Batterie<\/p>\n<td>AK 30<\/td>\n<\/tr>\n<tr>\n<td>Gewicht des Ger\u00e4tes ohne Akku<\/td>\n<td>2,5 kg <sup>2)<\/sup><\/td>\n<\/tr>\n<tr>\n<td>Schienenl\u00e4nge<\/td>\n<td>30 cm <sup>3)<\/sup><\/td>\n<\/tr>\n<tr>\n<td>Teilung der Kette<\/td>\n<td>1\/4&#8243; P<\/td>\n<\/tr>\n<tr>\n<td>IP-Schutzart<\/td>\n<td>N\/A<\/td>\n<\/tr>\n<tr>\n<td>Maximale Akkulaufzeit AK 10<\/td>\n<td>18 min <sup>4)<\/sup><\/td>\n<\/tr>\n<tr>\n<td>Maximale Akkulaufzeit AK 20<\/td>\n<td>40 min <sup>4)<\/sup><\/td>\n<\/tr>\n<tr>\n<td>Maximale Akkulaufzeit AK 30<\/td>\n<td>45 min <sup>4)<\/sup><\/td>\n<\/tr>\n<tr>\n<td>Maximale Akkulaufzeit AK 30 S<\/td>\n<td>45 min <sup>4)<\/sup><\/td>\n<\/tr>\n<tr>\n<td>L\u00e4nge des Ger\u00e4ts mit Krallenanschlag<\/td>\n<td>451 mm <sup>2)<\/sup><\/td>\n<\/tr>\n<tr>\n<td>Schalldruckpegel<\/td>\n<td>83 dB(A) <sup>5)<\/sup><\/td>\n<\/tr>\n<tr>\n<td>Schallleistungspegel<\/td>\n<td>91 dB(A) <sup>5)<\/sup><\/td>\n<\/tr>\n<tr>\n<td>Vibrationswert links\/rechts<\/td>\n<td>3,2\/3,4 m\/s\u00b2 <sup>6)<\/sup><\/td>\n<\/tr>\n<\/tbody>\n<\/table>\n","protected":false},"excerpt":{"rendered":"<p>MSA 70 C-B, 30cm, mit AK 30 und AL 101<\/p>\n","protected":false},"featured_media":424217,"template":"","meta":{"_seopress_robots_primary_cat":"none","_seopress_titles_title":"","_seopress_titles_desc":"","_seopress_robots_index":""},"product_brand":[3554],"product_cat":[1615,1612,169],"product_tag":[3266],"class_list":{"0":"post-464958","1":"product","2":"type-product","3":"status-publish","4":"has-post-thumbnail","6":"product_brand-stihl-de","7":"product_cat-akku-kettensagen","8":"product_cat-kettensagen","9":"product_cat-maschinen","10":"product_tag-import-stihl-de","11":"sws-gruppo-macchinari-de","12":"sws-conto-ricavi-merci-rivendita-macchinari-de","13":"sws-gruppo-iva-iva81-de","15":"first","16":"onbackorder","17":"purchasable","18":"product-type-simple"},"_links":{"self":[{"href":"https:\/\/lucacastelli.com\/de\/wp-json\/wp\/v2\/product\/464958","targetHints":{"allow":["GET"]}}],"collection":[{"href":"https:\/\/lucacastelli.com\/de\/wp-json\/wp\/v2\/product"}],"about":[{"href":"https:\/\/lucacastelli.com\/de\/wp-json\/wp\/v2\/types\/product"}],"wp:featuredmedia":[{"embeddable":true,"href":"https:\/\/lucacastelli.com\/de\/wp-json\/wp\/v2\/media\/424217"}],"wp:attachment":[{"href":"https:\/\/lucacastelli.com\/de\/wp-json\/wp\/v2\/media?parent=464958"}],"wp:term":[{"taxonomy":"product_brand","embeddable":true,"href":"https:\/\/lucacastelli.com\/de\/wp-json\/wp\/v2\/product_brand?post=464958"},{"taxonomy":"product_cat","embeddable":true,"href":"https:\/\/lucacastelli.com\/de\/wp-json\/wp\/v2\/product_cat?post=464958"},{"taxonomy":"product_tag","embeddable":true,"href":"https:\/\/lucacastelli.com\/de\/wp-json\/wp\/v2\/product_tag?post=464958"}],"curies":[{"name":"wp","href":"https:\/\/api.w.org\/{rel}","templated":true}]}}