{"id":464951,"date":"2025-05-31T23:00:59","date_gmt":"2025-05-31T21:00:59","guid":{"rendered":"https:\/\/lucacastelli.com\/prodotto\/3-8-rapid-hexa-3-rh3-16-mm-63-cm\/"},"modified":"2025-06-28T19:41:49","modified_gmt":"2025-06-28T17:41:49","slug":"3-8-rapid-hexa-3-rh3-16-mm-63-cm","status":"publish","type":"product","link":"https:\/\/lucacastelli.com\/de\/produkt\/3-8-rapid-hexa-3-rh3-16-mm-63-cm\/","title":{"rendered":"STIHL 3\/8 Rapid Hexa 3 (RH3), 1,6 mm, 63 cm"},"content":{"rendered":"<p>div pDank der innovativen Zahnform und des schlanken Schneidgelenks erreicht die STIHL 3\/8&#8243; Rapid Hexa Kette mit Vollfugenz\u00e4hnen eine extrem hohe Schnittleistung. Die neue und innovative STIHL Kettens\u00e4gekette ist eine gute Wahl f\u00fcr professionelle Holzf\u00e4ller und Landwirte, die B\u00e4ume noch schneller f\u00e4llen und beschneiden m\u00f6chten. Die Vorteile dieser Kette zeigen sich vor allem im Querschnitt in Bezug auf die Holzfaser.<br \/>\nDie STIHL Rapid Hexa Kette basiert auf dem STIHL HEXA System, das mit passenden Hexa-Z\u00e4hnen und -Feilen ein schnelles, einfaches und pr\u00e4zises Sch\u00e4rfen erm\u00f6glicht. So k\u00f6nnen Sie schneller s\u00e4gen und sorgen daf\u00fcr, dass die Kette mit Vollfurchenz\u00e4hnen l\u00e4nger scharf bleibt. Dar\u00fcber hinaus k\u00f6nnen Sie mit dem HEXA-System das Einfeilen der F\u00fchrungsglieder und Verbindungsglieder vermeiden, wodurch das Risiko eines Kettenbruchs minimiert wird. Dank dieses Systems sind auch weniger erfahrene Menschen in der Lage, in einem nahezu idealen Winkel zu sch\u00e4rfen. Diese Eigenschaften verleihen der STIHL 3\/8&#8243; Rapid Hexa 3 Kette eine deutlich l\u00e4ngere Lebensdauer und Nutzung.<br \/>\nDie hohe Schnittqualit\u00e4t, die durch die Vollfugenz\u00e4hne der Rapid Hexa-Kette garantiert wird, erm\u00f6glicht es Ihnen, immer saubere und pr\u00e4zise Schnitte zu machen. So k\u00f6nnen Sie zum Beispiel mit der Kettens\u00e4ge MS 462 effizient B\u00e4ume f\u00e4llen und selbst dickstes Holz mit h\u00f6chster Pr\u00e4zision schneiden. Durch die geringe Vibrationsneigung kann die Kettens\u00e4ge pr\u00e4zise positioniert und sicher durch Holz gef\u00fchrt werden.\/ppDie Hexa-Kette kann nur mit der Hexa-Feile gesch\u00e4rft werden.\/p\/div<br \/>\n886661715985<\/p>\n<p>Kettenteilung 9,32 mm \/ 3\/8&#8243;<br \/>\n Dicke des F\u00fchrungsglieds Dicke des F\u00fchrungsglieds<\/p>\n<p>L\u00e4nge der Stange L\u00e4nge der Stange<\/p>\n","protected":false},"excerpt":{"rendered":"<p>3\/8 Rapid Hexa 3 (RH3), 1,6 mm, 63 cm<\/p>\n","protected":false},"featured_media":423753,"template":"","meta":{"_seopress_robots_primary_cat":"","_seopress_titles_title":"","_seopress_titles_desc":"","_seopress_robots_index":""},"product_brand":[3554],"product_cat":[1614,1612,169],"product_tag":[3266],"class_list":{"0":"post-464951","1":"product","2":"type-product","3":"status-publish","4":"has-post-thumbnail","6":"product_brand-stihl-de","7":"product_cat-ketten-und-haspeln","8":"product_cat-kettensagen","9":"product_cat-maschinen","10":"product_tag-import-stihl-de","11":"sws-gruppo-macchinari-de","12":"sws-conto-ricavi-merci-rivendita-macchinari-de","13":"sws-gruppo-iva-iva81-de","15":"first","16":"onbackorder","17":"purchasable","18":"product-type-simple"},"_links":{"self":[{"href":"https:\/\/lucacastelli.com\/de\/wp-json\/wp\/v2\/product\/464951","targetHints":{"allow":["GET"]}}],"collection":[{"href":"https:\/\/lucacastelli.com\/de\/wp-json\/wp\/v2\/product"}],"about":[{"href":"https:\/\/lucacastelli.com\/de\/wp-json\/wp\/v2\/types\/product"}],"wp:featuredmedia":[{"embeddable":true,"href":"https:\/\/lucacastelli.com\/de\/wp-json\/wp\/v2\/media\/423753"}],"wp:attachment":[{"href":"https:\/\/lucacastelli.com\/de\/wp-json\/wp\/v2\/media?parent=464951"}],"wp:term":[{"taxonomy":"product_brand","embeddable":true,"href":"https:\/\/lucacastelli.com\/de\/wp-json\/wp\/v2\/product_brand?post=464951"},{"taxonomy":"product_cat","embeddable":true,"href":"https:\/\/lucacastelli.com\/de\/wp-json\/wp\/v2\/product_cat?post=464951"},{"taxonomy":"product_tag","embeddable":true,"href":"https:\/\/lucacastelli.com\/de\/wp-json\/wp\/v2\/product_tag?post=464951"}],"curies":[{"name":"wp","href":"https:\/\/api.w.org\/{rel}","templated":true}]}}